{"id":6052,"date":"2025-11-11T19:21:43","date_gmt":"2025-11-11T18:21:43","guid":{"rendered":"https:\/\/magieorientale.com\/?post_type=product&#038;p=6052"},"modified":"2025-11-11T19:21:43","modified_gmt":"2025-11-11T18:21:43","slug":"bougeoir-krystal","status":"publish","type":"product","link":"https:\/\/magieorientale.com\/index.php\/produit\/bougeoir-krystal\/","title":{"rendered":"bougeoir krystal"},"content":{"rendered":"<p><b>\u2728 Plongez dans un univers de brillance avec ce magnifique bougeoir orn\u00e9 de pierres fa\u00e7on cristal ! \u2728<\/b><\/p>\n<p>Laissez-vous envo\u00fbter par le jeu de lumi\u00e8re unique que procurent ces <b>pierres scintillantes<\/b>, diffusant une ambiance <b>magique et raffin\u00e9e<\/b> dans toute votre pi\u00e8ce. Chaque reflet est une invitation \u00e0 la r\u00eaverie.<\/p>\n<ul>\n<li><b>Un \u00e9clat incomparable :<\/b> Id\u00e9al pour cr\u00e9er une atmosph\u00e8re glamour et cosy lors de vos soir\u00e9es, ou simplement pour apporter une touche de luxe \u00e0 votre d\u00e9coration quotidienne.<\/li>\n<li><b>Le d\u00e9tail qui \u00e9merveille :<\/b> Plac\u00e9 sur une commode, une table basse ou une console, il captivera tous les regards.<\/li>\n<\/ul>\n","protected":false},"excerpt":{"rendered":"<p><b>\u2728 Plongez dans un univers de brillance avec ce magnifique bougeoir orn\u00e9 de pierres fa\u00e7on cristal ! \u2728<\/b><\/p>\n<p>Laissez-vous envo\u00fbter par le jeu de lumi\u00e8re unique que procurent ces <b>pierres scintillantes<\/b>, diffusant une ambiance <b>magique et raffin\u00e9e<\/b> dans toute votre pi\u00e8ce. Chaque reflet est une invitation \u00e0 la r\u00eaverie.<\/p>\n<ul>\n<li><b>Un \u00e9clat incomparable :<\/b> Id\u00e9al pour cr\u00e9er une atmosph\u00e8re glamour et cosy lors de vos soir\u00e9es, ou simplement pour apporter une touche de luxe \u00e0 votre d\u00e9coration quotidienne.<\/li>\n<li><b>Le d\u00e9tail qui \u00e9merveille :<\/b> Plac\u00e9 sur une commode, une table basse ou une console, il captivera tous les regards.<\/li>\n<\/ul>\n","protected":false},"featured_media":6053,"comment_status":"open","ping_status":"closed","template":"","meta":[],"product_brand":[],"product_cat":[107],"product_tag":[],"class_list":{"0":"post-6052","1":"product","2":"type-product","3":"status-publish","4":"has-post-thumbnail","6":"product_cat-decoration-orientale","8":"first","9":"instock","10":"taxable","11":"shipping-taxable","12":"purchasable","13":"product-type-simple"},"_links":{"self":[{"href":"https:\/\/magieorientale.com\/index.php\/wp-json\/wp\/v2\/product\/6052"}],"collection":[{"href":"https:\/\/magieorientale.com\/index.php\/wp-json\/wp\/v2\/product"}],"about":[{"href":"https:\/\/magieorientale.com\/index.php\/wp-json\/wp\/v2\/types\/product"}],"replies":[{"embeddable":true,"href":"https:\/\/magieorientale.com\/index.php\/wp-json\/wp\/v2\/comments?post=6052"}],"wp:featuredmedia":[{"embeddable":true,"href":"https:\/\/magieorientale.com\/index.php\/wp-json\/wp\/v2\/media\/6053"}],"wp:attachment":[{"href":"https:\/\/magieorientale.com\/index.php\/wp-json\/wp\/v2\/media?parent=6052"}],"wp:term":[{"taxonomy":"product_brand","embeddable":true,"href":"https:\/\/magieorientale.com\/index.php\/wp-json\/wp\/v2\/product_brand?post=6052"},{"taxonomy":"product_cat","embeddable":true,"href":"https:\/\/magieorientale.com\/index.php\/wp-json\/wp\/v2\/product_cat?post=6052"},{"taxonomy":"product_tag","embeddable":true,"href":"https:\/\/magieorientale.com\/index.php\/wp-json\/wp\/v2\/product_tag?post=6052"}],"curies":[{"name":"wp","href":"https:\/\/api.w.org\/{rel}","templated":true}]}}