{"id":6047,"date":"2025-11-11T18:55:55","date_gmt":"2025-11-11T17:55:55","guid":{"rendered":"https:\/\/magieorientale.com\/?post_type=product&#038;p=6047"},"modified":"2025-11-11T18:55:55","modified_gmt":"2025-11-11T17:55:55","slug":"bougeoir-argente","status":"publish","type":"product","link":"https:\/\/magieorientale.com\/index.php\/produit\/bougeoir-argente\/","title":{"rendered":"bougeoir argent\u00e9"},"content":{"rendered":"<p><b>\u2728 Illuminez votre int\u00e9rieur avec ce magnifique bougeoir ! \u2728<\/b><\/p>\n<p>Apportez une touche de <b>charme<\/b> et de <b>douceur<\/b> \u00e0 votre d\u00e9coration. Que ce soit sur une table de chevet, une table de salle \u00e0 manger, ce bougeoir saura cr\u00e9er une <b>ambiance cosy<\/b> et raffin\u00e9e.<\/p>\n<ul>\n<li><b>Le secret d&#8217;une ambiance r\u00e9ussie<\/b> : Un objet d\u00e9coratif qui attire le regard.<\/li>\n<li><b>Id\u00e9al pour<\/b> : Soir\u00e9es cocooning, d\u00eeners romantiques, ou simplement comme bel objet d\u00e9coratif.<\/li>\n<\/ul>\n<p>Ne laissez pas passer cette opportunit\u00e9 d&#8217;ajouter de la lumi\u00e8re et du style !<\/p>\n","protected":false},"excerpt":{"rendered":"<ul>\n<li><b>Le secret d&#8217;une ambiance r\u00e9ussie<\/b> : Un objet d\u00e9coratif qui attire le regard.<\/li>\n<li><b>Id\u00e9al pour<\/b> : Soir\u00e9es cocooning, d\u00eeners romantiques, ou simplement comme bel objet d\u00e9coratif.<\/li>\n<\/ul>\n<p>Ne laissez pas passer cette opportunit\u00e9 d&#8217;ajouter de la lumi\u00e8re et du style !<\/p>\n","protected":false},"featured_media":6048,"comment_status":"open","ping_status":"closed","template":"","meta":[],"product_brand":[],"product_cat":[107],"product_tag":[],"class_list":{"0":"post-6047","1":"product","2":"type-product","3":"status-publish","4":"has-post-thumbnail","6":"product_cat-decoration-orientale","8":"first","9":"instock","10":"taxable","11":"shipping-taxable","12":"purchasable","13":"product-type-simple"},"_links":{"self":[{"href":"https:\/\/magieorientale.com\/index.php\/wp-json\/wp\/v2\/product\/6047"}],"collection":[{"href":"https:\/\/magieorientale.com\/index.php\/wp-json\/wp\/v2\/product"}],"about":[{"href":"https:\/\/magieorientale.com\/index.php\/wp-json\/wp\/v2\/types\/product"}],"replies":[{"embeddable":true,"href":"https:\/\/magieorientale.com\/index.php\/wp-json\/wp\/v2\/comments?post=6047"}],"wp:featuredmedia":[{"embeddable":true,"href":"https:\/\/magieorientale.com\/index.php\/wp-json\/wp\/v2\/media\/6048"}],"wp:attachment":[{"href":"https:\/\/magieorientale.com\/index.php\/wp-json\/wp\/v2\/media?parent=6047"}],"wp:term":[{"taxonomy":"product_brand","embeddable":true,"href":"https:\/\/magieorientale.com\/index.php\/wp-json\/wp\/v2\/product_brand?post=6047"},{"taxonomy":"product_cat","embeddable":true,"href":"https:\/\/magieorientale.com\/index.php\/wp-json\/wp\/v2\/product_cat?post=6047"},{"taxonomy":"product_tag","embeddable":true,"href":"https:\/\/magieorientale.com\/index.php\/wp-json\/wp\/v2\/product_tag?post=6047"}],"curies":[{"name":"wp","href":"https:\/\/api.w.org\/{rel}","templated":true}]}}