{"id":6026,"date":"2025-10-11T10:10:36","date_gmt":"2025-10-11T08:10:36","guid":{"rendered":"https:\/\/magieorientale.com\/?post_type=product&#038;p=6026"},"modified":"2025-11-11T19:00:56","modified_gmt":"2025-11-11T18:00:56","slug":"boite-cadeaux-boite-deco","status":"publish","type":"product","link":"https:\/\/magieorientale.com\/index.php\/produit\/boite-cadeaux-boite-deco\/","title":{"rendered":"boite cadeaux, boite d\u00e9co or brillant"},"content":{"rendered":"<p>Rev\u00eatu d&#8217;une somptueuse teinte or, embl\u00e8me de prosp\u00e9rit\u00e9 et de lumi\u00e8re, ce coffret est orn\u00e9 de motifs d\u00e9licats inspir\u00e9s des palais indiens et des motifs traditionnels<\/p>\n<ul>\n<li>\n<ul>\n<li><b>Bo\u00eete Cadeau Exquise :<\/b> Offrez un pr\u00e9sent d&#8217;une \u00e9l\u00e9gance in\u00e9gal\u00e9e. Que ce soit pour un mariage, un anniversaire ou une occasion sp\u00e9ciale, ce coffret sublime son contenu et devient un cadeau en soi, une exp\u00e9rience m\u00e9morable avant m\u00eame l&#8217;ouverture.<\/li>\n<li><b>Objet de D\u00e9coration Unique :<\/b> Placez-le sur une commode, une \u00e9tag\u00e8re ou une table basse pour infuser votre int\u00e9rieur d&#8217;une ambiance chaleureuse et exotique. Sa pr\u00e9sence suffit \u00e0 transformer n&#8217;importe quel espace en un havre de paix et de beaut\u00e9 orientale.<\/li>\n<li><b>\u00c9crin \u00e0 Bijoux Pr\u00e9cieux :<\/b> Son int\u00e9rieur, d\u00e9licatement doubl\u00e9 (\u00e0 pr\u00e9ciser si c&#8217;est le cas, par ex. en velours doux), est l&#8217;\u00e9crin parfait pour vos tr\u00e9sors. Bagues, colliers, bracelets&#8230; chaque bijou y trouvera sa place, prot\u00e9g\u00e9 et mis en valeur.<\/li>\n<\/ul>\n<\/li>\n<\/ul>\n<p><b>Id\u00e9al pour :<\/b> Ceux qui recherchent l&#8217;\u00e9l\u00e9gance, la fonctionnalit\u00e9 et une touche d&#8217;exotisme. Un cadeau parfait pour les amoureux de l&#8217;Inde, les passionn\u00e9s de d\u00e9coration int\u00e9rieure, ou ceux qui aiment les objets \u00e0 la fois beaux et utiles.<\/p>\n<p>&nbsp;<\/p>\n","protected":false},"excerpt":{"rendered":"<ul>\n<li><b>Bo\u00eete Cadeau Exquise :<\/b> Offrez un pr\u00e9sent d&#8217;une \u00e9l\u00e9gance in\u00e9gal\u00e9e. Que ce soit pour un mariage, un anniversaire ou une occasion sp\u00e9ciale, ce coffret sublime son contenu et devient un cadeau en soi, une exp\u00e9rience m\u00e9morable avant m\u00eame l&#8217;ouverture.<\/li>\n<\/ul>\n","protected":false},"featured_media":6040,"comment_status":"open","ping_status":"closed","template":"","meta":[],"product_brand":[],"product_cat":[107],"product_tag":[],"class_list":{"0":"post-6026","1":"product","2":"type-product","3":"status-publish","4":"has-post-thumbnail","6":"product_cat-decoration-orientale","8":"first","9":"instock","10":"taxable","11":"shipping-taxable","12":"purchasable","13":"product-type-simple"},"_links":{"self":[{"href":"https:\/\/magieorientale.com\/index.php\/wp-json\/wp\/v2\/product\/6026"}],"collection":[{"href":"https:\/\/magieorientale.com\/index.php\/wp-json\/wp\/v2\/product"}],"about":[{"href":"https:\/\/magieorientale.com\/index.php\/wp-json\/wp\/v2\/types\/product"}],"replies":[{"embeddable":true,"href":"https:\/\/magieorientale.com\/index.php\/wp-json\/wp\/v2\/comments?post=6026"}],"wp:featuredmedia":[{"embeddable":true,"href":"https:\/\/magieorientale.com\/index.php\/wp-json\/wp\/v2\/media\/6040"}],"wp:attachment":[{"href":"https:\/\/magieorientale.com\/index.php\/wp-json\/wp\/v2\/media?parent=6026"}],"wp:term":[{"taxonomy":"product_brand","embeddable":true,"href":"https:\/\/magieorientale.com\/index.php\/wp-json\/wp\/v2\/product_brand?post=6026"},{"taxonomy":"product_cat","embeddable":true,"href":"https:\/\/magieorientale.com\/index.php\/wp-json\/wp\/v2\/product_cat?post=6026"},{"taxonomy":"product_tag","embeddable":true,"href":"https:\/\/magieorientale.com\/index.php\/wp-json\/wp\/v2\/product_tag?post=6026"}],"curies":[{"name":"wp","href":"https:\/\/api.w.org\/{rel}","templated":true}]}}