{"id":4260,"date":"2024-09-13T19:00:17","date_gmt":"2024-09-13T17:00:17","guid":{"rendered":"https:\/\/magieorientale.com\/?post_type=product&#038;p=4260"},"modified":"2024-09-20T16:31:56","modified_gmt":"2024-09-20T14:31:56","slug":"la-magie-et-la-chance","status":"publish","type":"product","link":"https:\/\/magieorientale.com\/index.php\/produit\/la-magie-et-la-chance\/","title":{"rendered":"La magie et la chance"},"content":{"rendered":"<p>Ebook qui permet de r\u00e9pondre \u00e0 plusieurs questions essentielles qu&#8217;on se pose tous, d&#8217;ou vient l&#8217;envo\u00fbtement ? suis je envo\u00fbt\u00e9, comment avoir de la chance ? La magie cet art ancestral r\u00e9v\u00e8le tous ses secrets \u00e0 celui ou celle dot l&#8217;intention et le coeur sont sinc\u00e8re !<\/p>\n","protected":false},"excerpt":{"rendered":"<p>Ebook qui permet de r\u00e9pondre \u00e0 plusieurs questions essentielles qu&#8217;on se pose tous, d&#8217;ou vient l&#8217;envo\u00fbtement ? suis je envo\u00fbt\u00e9, comment avoir de la chance ? La magie cet art ancestral r\u00e9v\u00e8le tous ses secrets \u00e0 celui ou celle dot l&#8217;intention et le coeur sont sinc\u00e8re !<\/p>\n","protected":false},"featured_media":4261,"comment_status":"closed","ping_status":"closed","template":"","meta":[],"product_brand":[],"product_cat":[15],"product_tag":[],"class_list":{"0":"post-4260","1":"product","2":"type-product","3":"status-publish","4":"has-post-thumbnail","6":"product_cat-livre-magie","8":"first","9":"instock","10":"taxable","11":"shipping-taxable","12":"purchasable","13":"product-type-simple"},"_links":{"self":[{"href":"https:\/\/magieorientale.com\/index.php\/wp-json\/wp\/v2\/product\/4260"}],"collection":[{"href":"https:\/\/magieorientale.com\/index.php\/wp-json\/wp\/v2\/product"}],"about":[{"href":"https:\/\/magieorientale.com\/index.php\/wp-json\/wp\/v2\/types\/product"}],"replies":[{"embeddable":true,"href":"https:\/\/magieorientale.com\/index.php\/wp-json\/wp\/v2\/comments?post=4260"}],"wp:featuredmedia":[{"embeddable":true,"href":"https:\/\/magieorientale.com\/index.php\/wp-json\/wp\/v2\/media\/4261"}],"wp:attachment":[{"href":"https:\/\/magieorientale.com\/index.php\/wp-json\/wp\/v2\/media?parent=4260"}],"wp:term":[{"taxonomy":"product_brand","embeddable":true,"href":"https:\/\/magieorientale.com\/index.php\/wp-json\/wp\/v2\/product_brand?post=4260"},{"taxonomy":"product_cat","embeddable":true,"href":"https:\/\/magieorientale.com\/index.php\/wp-json\/wp\/v2\/product_cat?post=4260"},{"taxonomy":"product_tag","embeddable":true,"href":"https:\/\/magieorientale.com\/index.php\/wp-json\/wp\/v2\/product_tag?post=4260"}],"curies":[{"name":"wp","href":"https:\/\/api.w.org\/{rel}","templated":true}]}}