{"id":4234,"date":"2024-04-25T20:36:08","date_gmt":"2024-04-25T18:36:08","guid":{"rendered":"https:\/\/magieorientale.com\/?post_type=product&#038;p=4234"},"modified":"2024-04-25T20:40:00","modified_gmt":"2024-04-25T18:40:00","slug":"30-rituels-et-astuces-magiques-pour-desenvouter-et-liberer-le-corps-de-tous-negatifs-version-papier-2","status":"publish","type":"product","link":"https:\/\/magieorientale.com\/index.php\/produit\/30-rituels-et-astuces-magiques-pour-desenvouter-et-liberer-le-corps-de-tous-negatifs-version-papier-2\/","title":{"rendered":"30 rituels et astuces magiques pour d\u00e9senvo\u00fbter et lib\u00e9rer le corps de tous n\u00e9gatifs (version papier)"},"content":{"rendered":"<p>Livre qui contient 30 mani\u00e8res differentes pour d\u00e9senvo\u00fbter, \u00e0 la port\u00e9e de tous il est indispensable d&#8217;avoir quelques secrets de desenvo\u00fbtement sous la main en cas de besoin, pour soi ou pour ses proches. Une mauvaise rencontre peut toujours arriver, un dispute, un conflit, on\u00a0 est jamais \u00e0 l&#8217;abri de cotoyer une personne jalouse ou envieuse, le d\u00e9senvo\u00fbtement doit \u00eatre r\u00e9alis\u00e9 dans les plus brefs d\u00e9lais d\u00e8s le d\u00e9but des sympt\u00f4mes !<\/p>\n","protected":false},"excerpt":{"rendered":"<p>Livre qui contient 30 mani\u00e8res differentes pour d\u00e9senvo\u00fbter, \u00e0 la port\u00e9e de tous il est indispensable d&#8217;avoir quelques secrets de desenvo\u00fbtement sous la main en cas de besoin, pour soi ou pour ses proches. Une mauvaise rencontre peut toujours arriver, un dispute, un conflit, on\u00a0 est jamais \u00e0 l&#8217;abri de cotoyer une personne jalouse ou envieuse, le d\u00e9senvo\u00fbtement doit \u00eatre r\u00e9alis\u00e9 dans les plus brefs d\u00e9lais d\u00e8s le d\u00e9but des sympt\u00f4mes.<\/p>\n","protected":false},"featured_media":4226,"comment_status":"open","ping_status":"closed","template":"","meta":[],"product_brand":[],"product_cat":[15],"product_tag":[49],"class_list":{"0":"post-4234","1":"product","2":"type-product","3":"status-publish","4":"has-post-thumbnail","6":"product_cat-livre-magie","7":"product_tag-livres","9":"first","10":"instock","11":"taxable","12":"shipping-taxable","13":"purchasable","14":"product-type-simple"},"_links":{"self":[{"href":"https:\/\/magieorientale.com\/index.php\/wp-json\/wp\/v2\/product\/4234"}],"collection":[{"href":"https:\/\/magieorientale.com\/index.php\/wp-json\/wp\/v2\/product"}],"about":[{"href":"https:\/\/magieorientale.com\/index.php\/wp-json\/wp\/v2\/types\/product"}],"replies":[{"embeddable":true,"href":"https:\/\/magieorientale.com\/index.php\/wp-json\/wp\/v2\/comments?post=4234"}],"wp:featuredmedia":[{"embeddable":true,"href":"https:\/\/magieorientale.com\/index.php\/wp-json\/wp\/v2\/media\/4226"}],"wp:attachment":[{"href":"https:\/\/magieorientale.com\/index.php\/wp-json\/wp\/v2\/media?parent=4234"}],"wp:term":[{"taxonomy":"product_brand","embeddable":true,"href":"https:\/\/magieorientale.com\/index.php\/wp-json\/wp\/v2\/product_brand?post=4234"},{"taxonomy":"product_cat","embeddable":true,"href":"https:\/\/magieorientale.com\/index.php\/wp-json\/wp\/v2\/product_cat?post=4234"},{"taxonomy":"product_tag","embeddable":true,"href":"https:\/\/magieorientale.com\/index.php\/wp-json\/wp\/v2\/product_tag?post=4234"}],"curies":[{"name":"wp","href":"https:\/\/api.w.org\/{rel}","templated":true}]}}