{"id":4232,"date":"2024-04-25T20:25:52","date_gmt":"2024-04-25T18:25:52","guid":{"rendered":"https:\/\/magieorientale.com\/?post_type=product&#038;p=4232"},"modified":"2024-04-25T20:30:19","modified_gmt":"2024-04-25T18:30:19","slug":"les-herbes-magiques","status":"publish","type":"product","link":"https:\/\/magieorientale.com\/index.php\/produit\/les-herbes-magiques\/","title":{"rendered":"Les herbes magiques (version papier)"},"content":{"rendered":"<p>Livre qui recense les herbes les plus utilis\u00e9es en magie, avec en plus quelques astuces magiques \u00e0 la port\u00e9e de tous, \u00e0 utiliser au quotidien !<\/p>\n","protected":false},"excerpt":{"rendered":"<p>Livre qui recense les herbes les plus utilis\u00e9es en magie, avec en plus quelques astuces magiques \u00e0 la port\u00e9e de tous, \u00e0 utiliser au quotidien<\/p>\n","protected":false},"featured_media":4229,"comment_status":"open","ping_status":"closed","template":"","meta":[],"product_brand":[],"product_cat":[15],"product_tag":[49],"class_list":{"0":"post-4232","1":"product","2":"type-product","3":"status-publish","4":"has-post-thumbnail","6":"product_cat-livre-magie","7":"product_tag-livres","9":"first","10":"instock","11":"taxable","12":"shipping-taxable","13":"purchasable","14":"product-type-simple"},"_links":{"self":[{"href":"https:\/\/magieorientale.com\/index.php\/wp-json\/wp\/v2\/product\/4232"}],"collection":[{"href":"https:\/\/magieorientale.com\/index.php\/wp-json\/wp\/v2\/product"}],"about":[{"href":"https:\/\/magieorientale.com\/index.php\/wp-json\/wp\/v2\/types\/product"}],"replies":[{"embeddable":true,"href":"https:\/\/magieorientale.com\/index.php\/wp-json\/wp\/v2\/comments?post=4232"}],"wp:featuredmedia":[{"embeddable":true,"href":"https:\/\/magieorientale.com\/index.php\/wp-json\/wp\/v2\/media\/4229"}],"wp:attachment":[{"href":"https:\/\/magieorientale.com\/index.php\/wp-json\/wp\/v2\/media?parent=4232"}],"wp:term":[{"taxonomy":"product_brand","embeddable":true,"href":"https:\/\/magieorientale.com\/index.php\/wp-json\/wp\/v2\/product_brand?post=4232"},{"taxonomy":"product_cat","embeddable":true,"href":"https:\/\/magieorientale.com\/index.php\/wp-json\/wp\/v2\/product_cat?post=4232"},{"taxonomy":"product_tag","embeddable":true,"href":"https:\/\/magieorientale.com\/index.php\/wp-json\/wp\/v2\/product_tag?post=4232"}],"curies":[{"name":"wp","href":"https:\/\/api.w.org\/{rel}","templated":true}]}}