{"id":4128,"date":"2023-10-19T18:37:49","date_gmt":"2023-10-19T16:37:49","guid":{"rendered":"https:\/\/magieorientale.com\/?post_type=product&#038;p=4128"},"modified":"2024-11-22T14:14:49","modified_gmt":"2024-11-22T13:14:49","slug":"les-secrets-de-vie","status":"publish","type":"product","link":"https:\/\/magieorientale.com\/index.php\/produit\/les-secrets-de-vie\/","title":{"rendered":"Les secrets de vie"},"content":{"rendered":"<p><span style=\"font-weight: 400;\">Il existe un v\u00e9g\u00e9tale pour chaque maladie, d\u00e9couvre le secret de leur emploi et prolonge ta vie et celle de tes proches.<\/span><\/p>\n<p><span style=\"font-weight: 400;\">Les m\u00e9decines naturelles et les produits biologiques sont dans l\u2019air du temps. Les m\u00e9dias ne cessent d\u2019en faire l\u2019\u00e9loge, et je ne parle m\u00eame pas des r\u00e9seaux sociaux !<\/span><\/p>\n<p><span style=\"font-weight: 400;\">Sans pour autant nier les avanc\u00e9es de la m\u00e9decine occidentale classique. Cela dit, au vu des nombreux scandales concernant les effets secondaires des m\u00e9dicaments, un public de plus en plus nombreux cherche aujourd\u2019hui d\u2019autres voies de gu\u00e9rison.<\/span><\/p>\n","protected":false},"excerpt":{"rendered":"<p><span style=\"font-weight: 400;\">Il existe un v\u00e9g\u00e9tale pour chaque maladie, d\u00e9couvre le secret de leur emploi et prolonge ta vie et celle de tes proches.<\/span><\/p>\n<p><span style=\"font-weight: 400;\">Les m\u00e9decines naturelles et les produits biologiques sont dans l\u2019air du temps. Les m\u00e9dias ne cessent d\u2019en faire l\u2019\u00e9loge, et je ne parle m\u00eame pas des r\u00e9seaux sociaux !<\/span><\/p>\n<p><span style=\"font-weight: 400;\">Sans pour autant nier les avanc\u00e9es de la m\u00e9decine occidentale classique. Cela dit, au vu des nombreux scandales concernant les effets secondaires des m\u00e9dicaments, un public de plus en plus nombreux cherche aujourd\u2019hui d\u2019autres voies de gu\u00e9rison.<\/span><\/p>\n","protected":false},"featured_media":4130,"comment_status":"open","ping_status":"closed","template":"","meta":[],"product_brand":[],"product_cat":[46],"product_tag":[],"class_list":{"0":"post-4128","1":"product","2":"type-product","3":"status-publish","4":"has-post-thumbnail","6":"product_cat-livres-autres-livres","8":"first","9":"instock","10":"downloadable","11":"virtual","12":"taxable","13":"purchasable","14":"product-type-simple"},"_links":{"self":[{"href":"https:\/\/magieorientale.com\/index.php\/wp-json\/wp\/v2\/product\/4128"}],"collection":[{"href":"https:\/\/magieorientale.com\/index.php\/wp-json\/wp\/v2\/product"}],"about":[{"href":"https:\/\/magieorientale.com\/index.php\/wp-json\/wp\/v2\/types\/product"}],"replies":[{"embeddable":true,"href":"https:\/\/magieorientale.com\/index.php\/wp-json\/wp\/v2\/comments?post=4128"}],"wp:featuredmedia":[{"embeddable":true,"href":"https:\/\/magieorientale.com\/index.php\/wp-json\/wp\/v2\/media\/4130"}],"wp:attachment":[{"href":"https:\/\/magieorientale.com\/index.php\/wp-json\/wp\/v2\/media?parent=4128"}],"wp:term":[{"taxonomy":"product_brand","embeddable":true,"href":"https:\/\/magieorientale.com\/index.php\/wp-json\/wp\/v2\/product_brand?post=4128"},{"taxonomy":"product_cat","embeddable":true,"href":"https:\/\/magieorientale.com\/index.php\/wp-json\/wp\/v2\/product_cat?post=4128"},{"taxonomy":"product_tag","embeddable":true,"href":"https:\/\/magieorientale.com\/index.php\/wp-json\/wp\/v2\/product_tag?post=4128"}],"curies":[{"name":"wp","href":"https:\/\/api.w.org\/{rel}","templated":true}]}}