{"id":4117,"date":"2023-09-27T11:34:55","date_gmt":"2023-09-27T09:34:55","guid":{"rendered":"https:\/\/magieorientale.com\/?post_type=product&#038;p=4117"},"modified":"2025-07-29T12:54:27","modified_gmt":"2025-07-29T10:54:27","slug":"le-livre-de-la-chance","status":"publish","type":"product","link":"https:\/\/magieorientale.com\/index.php\/produit\/le-livre-de-la-chance\/","title":{"rendered":"Le livre de la chance"},"content":{"rendered":"<p>Avez vous de la chance ?<\/p>\n<p>si oui comment la conserver, la consolider, l&#8217;augmenter ?<\/p>\n<p>si non comment la cr\u00e9er, la re trouver, la comprendre ?<\/p>\n<p>c&#8217;est \u00e0 ces questions que nous r\u00e9pondons dans cet ebook accessible \u00e0 tous avec 30 secrets, astuces et rituels magiques pour avancer et faire l&#8217;experience magnifique du succ\u00e8s !<\/p>\n<p>&nbsp;<\/p>\n","protected":false},"excerpt":{"rendered":"<p>Avez vous de la chance ?<\/p>\n<p>si oui comment la conserver, la consolider, l&#8217;augmenter ?<\/p>\n<p>si non comment la cr\u00e9er, la re trouver, la comprendre ?<\/p>\n<p>c&#8217;est \u00e0 ces questions que nous r\u00e9pondons dans ce livre accessible \u00e0 tous avec 30 secrets, astuces et rituels magiques pour avancer et faire l&#8217;experience magnifique du succ\u00e8s !<\/p>\n","protected":false},"featured_media":4119,"comment_status":"open","ping_status":"closed","template":"","meta":[],"product_brand":[],"product_cat":[15],"product_tag":[],"class_list":{"0":"post-4117","1":"product","2":"type-product","3":"status-publish","4":"has-post-thumbnail","6":"product_cat-livre-magie","8":"first","9":"instock","10":"downloadable","11":"virtual","12":"taxable","13":"purchasable","14":"product-type-simple"},"_links":{"self":[{"href":"https:\/\/magieorientale.com\/index.php\/wp-json\/wp\/v2\/product\/4117"}],"collection":[{"href":"https:\/\/magieorientale.com\/index.php\/wp-json\/wp\/v2\/product"}],"about":[{"href":"https:\/\/magieorientale.com\/index.php\/wp-json\/wp\/v2\/types\/product"}],"replies":[{"embeddable":true,"href":"https:\/\/magieorientale.com\/index.php\/wp-json\/wp\/v2\/comments?post=4117"}],"wp:featuredmedia":[{"embeddable":true,"href":"https:\/\/magieorientale.com\/index.php\/wp-json\/wp\/v2\/media\/4119"}],"wp:attachment":[{"href":"https:\/\/magieorientale.com\/index.php\/wp-json\/wp\/v2\/media?parent=4117"}],"wp:term":[{"taxonomy":"product_brand","embeddable":true,"href":"https:\/\/magieorientale.com\/index.php\/wp-json\/wp\/v2\/product_brand?post=4117"},{"taxonomy":"product_cat","embeddable":true,"href":"https:\/\/magieorientale.com\/index.php\/wp-json\/wp\/v2\/product_cat?post=4117"},{"taxonomy":"product_tag","embeddable":true,"href":"https:\/\/magieorientale.com\/index.php\/wp-json\/wp\/v2\/product_tag?post=4117"}],"curies":[{"name":"wp","href":"https:\/\/api.w.org\/{rel}","templated":true}]}}