{"id":41,"date":"2016-07-09T08:39:01","date_gmt":"2016-07-09T06:39:01","guid":{"rendered":"http:\/\/magiearabedekader.esy.es\/?post_type=product&#038;p=41"},"modified":"2023-08-27T20:38:22","modified_gmt":"2023-08-27T18:38:22","slug":"formule-de-retour-daffection-a-lhuile-dolive","status":"publish","type":"product","link":"https:\/\/magieorientale.com\/index.php\/produit\/formule-de-retour-daffection-a-lhuile-dolive\/","title":{"rendered":"Formule de retour d&#8217;affection \u00e0 l&#8217;huile d&#8217;olive (n\u00b04709)"},"content":{"rendered":"<p><strong>Talisman de retour d&#8217;affection (talisman de magie arabe)<\/strong><\/p>\n<p>Ce talisman de retour d&#8217;affection est un des travaux les plus puissant, il est nominatif,\u00a0 \u00e0 la port\u00e9 de tous car il est envoy\u00e9 avec une petite notice \u00e0 suivre d\u00e9j\u00e0 pr\u00eat et consacr\u00e9 il ne reste plus qu&#8217;\u00e0 l&#8217;utiliser<\/p>\n<p>Les r\u00e9sultats d\u00e9j\u00e0 obtenus m\u00eame sur des situations tr\u00e8s difficiles ont prouv\u00e9s son efficacit\u00e9, le talisman est chauff\u00e9 et par cette action les sentiments de la personne sont activ\u00e9s et le processus de retour d&#8217;affection d\u00e9bute, parfois c&#8217;est tr\u00e8s rapide parfois \u00e7a demande un peu plus de temps car cela d\u00e9pends de la situation du couple il faut continuer le travail jusqu&#8217;au r\u00e9sultat.<\/p>\n<p>&nbsp;<\/p>\n","protected":false},"excerpt":{"rendered":"<p>Travail de magie blanche arabe pour le retour d&#8217;affection, \u00a0produit pr\u00e9par\u00e9 et envoy\u00e9 avec une notice \u00e0 suivre. <em>(Tr\u00e8s efficace)<\/em><\/p>\n","protected":false},"featured_media":4072,"comment_status":"open","ping_status":"closed","template":"","meta":[],"product_brand":[],"product_cat":[38],"product_tag":[16],"class_list":{"0":"post-41","1":"product","2":"type-product","3":"status-publish","4":"has-post-thumbnail","6":"product_cat-les-formules-pour-lamour","7":"product_tag-travaux-de-magie","9":"first","10":"instock","11":"sold-individually","12":"taxable","13":"shipping-taxable","14":"purchasable","15":"product-type-simple"},"_links":{"self":[{"href":"https:\/\/magieorientale.com\/index.php\/wp-json\/wp\/v2\/product\/41"}],"collection":[{"href":"https:\/\/magieorientale.com\/index.php\/wp-json\/wp\/v2\/product"}],"about":[{"href":"https:\/\/magieorientale.com\/index.php\/wp-json\/wp\/v2\/types\/product"}],"replies":[{"embeddable":true,"href":"https:\/\/magieorientale.com\/index.php\/wp-json\/wp\/v2\/comments?post=41"}],"wp:featuredmedia":[{"embeddable":true,"href":"https:\/\/magieorientale.com\/index.php\/wp-json\/wp\/v2\/media\/4072"}],"wp:attachment":[{"href":"https:\/\/magieorientale.com\/index.php\/wp-json\/wp\/v2\/media?parent=41"}],"wp:term":[{"taxonomy":"product_brand","embeddable":true,"href":"https:\/\/magieorientale.com\/index.php\/wp-json\/wp\/v2\/product_brand?post=41"},{"taxonomy":"product_cat","embeddable":true,"href":"https:\/\/magieorientale.com\/index.php\/wp-json\/wp\/v2\/product_cat?post=41"},{"taxonomy":"product_tag","embeddable":true,"href":"https:\/\/magieorientale.com\/index.php\/wp-json\/wp\/v2\/product_tag?post=41"}],"curies":[{"name":"wp","href":"https:\/\/api.w.org\/{rel}","templated":true}]}}