{"id":4091,"date":"2023-09-05T17:04:17","date_gmt":"2023-09-05T15:04:17","guid":{"rendered":"https:\/\/magieorientale.com\/?post_type=product&#038;p=4091"},"modified":"2023-09-05T17:13:24","modified_gmt":"2023-09-05T15:13:24","slug":"rhassoul","status":"publish","type":"product","link":"https:\/\/magieorientale.com\/index.php\/produit\/rhassoul\/","title":{"rendered":"Rhassoul"},"content":{"rendered":"<div class=\"ox-text jsstn9mb6\" data-jss-id=\"jsstn9mb6\">\n<div class=\"ox-text__inner\">\n<div><\/div>\n<h2><strong>Le rhassoul et la tradition<\/strong><\/h2>\n<\/div>\n<\/div>\n<div class=\"ox-text jss106xb1t\" data-jss-id=\"jss106xb1t\">\n<div class=\"ox-text__inner\">\n<div>Le rhassoul ou ghassoul est une argile min\u00e9rale naturelle utilis\u00e9e par les femmes orientales pour leurs soins capillaires et corporels. Cette argile est extraite des seuls gisements connus dans le monde, situ\u00e9s en bordure de moyen Atlas au Maroc.<\/div>\n<div>\n<div class=\"ox-title jss9iile1\" data-tag-name=\"h2\" data-jss-id=\"jss9iile1\">\n<h2 class=\"ox-title__inner PBSTitle\"><strong>Le rhassoul, un soin ultra doux<\/strong><\/h2>\n<\/div>\n<div class=\"ox-text jssi2eafv\" data-jss-id=\"jssi2eafv\">\n<div class=\"ox-text__inner\">\n<div>\n<div>A la diff\u00e9rence des shampooings et savons, le rhassoul ne contient aucun tensioactif et nettoie selon un processus physique.<br \/>\nM\u00e9lang\u00e9 \u00e0 l\u2019eau, le rhassoul gonfle pour former une p\u00e2te tr\u00e8s douce. Compos\u00e9e de tr\u00e8s fines particules, cette p\u00e2te absorbe les impuret\u00e9s et les graisses comme un buvard. Elles s\u2019\u00e9liminent ensuite au rin\u00e7age.<br \/>\nCe lavage tr\u00e8s doux ne supprime pas totalement le film lipoprotecteur de la peau et des cheveux, comme des tensioactifs trop agressifs peuvent le faire. Le rhassoul n\u2019attaque pas la gaine protectrice naturelle du cheveu et il n\u2019irrite pas non plus les glandes s\u00e9bac\u00e9es.<\/div>\n<div>Le rhassoul est ainsi particuli\u00e8rement recommand\u00e9 pour les peaux sensibles et allergiques.<\/div>\n<div><\/div>\n<\/div>\n<\/div>\n<\/div>\n<div class=\"ox-title jsskhug0q\" data-tag-name=\"h2\" data-jss-id=\"jsskhug0q\">\n<h2 class=\"ox-title__inner PBSTitle\"><strong>Le Rhassoul , un produit 100 % \u00e9cologique<\/strong><\/h2>\n<\/div>\n<div class=\"ox-text jssvf2q8a\" data-jss-id=\"jssvf2q8a\">\n<div class=\"ox-text__inner\">\n<div>Le rhassoul est 100% \u00e9cologique car il ne contient ni tensioactifs ni aucun autre composant polluant.<\/div>\n<div><\/div>\n<\/div>\n<\/div>\n<div class=\"ox-title jssw2ec6d\" data-tag-name=\"h2\" data-jss-id=\"jssw2ec6d\">\n<h2 class=\"ox-title__inner PBSTitle\"><strong>Pr\u00e9paration du Rhassoul<\/strong><\/h2>\n<\/div>\n<div class=\"ox-text jss1hkijmr\" data-jss-id=\"jss1hkijmr\">\n<div class=\"ox-text__inner\"><\/div>\n<\/div>\n<div class=\"ox-text jss1ihmbdo\" data-jss-id=\"jss1ihmbdo\">\n<div class=\"ox-text__inner\">\n<div>M\u00e9langez le rhassoul \u00e0 de l\u2019eau ti\u00e8de pour obtenir une p\u00e2te onctueuse.<\/div>\n<div>Soins du corps: la p\u00e2te est appliqu\u00e9e avec des mouvements circulaires pour bien nettoyer la peau.<br \/>\nLe rhassoul peut \u00eatre facilement utilis\u00e9 en gommage pour donner \u00e0 la peau une douceur et un satin\u00e9 rarement \u00e9gal\u00e9s.<\/div>\n<div>Pour les cheveux: appliquez la p\u00e2te sur l&#8217;ensemble de vos cheveux, de pr\u00e9f\u00e9rence mouill\u00e9s. Massez doucement votre cuir chevelu puis laissez reposer environ un quart d\u2019heure. Rincez soigneusement tout en brossant.<br \/>\nVotre chevelure sera soyeuse, chatoyante et gonflante.<\/div>\n<div>Pour donner de la vitalit\u00e9 et de la souplesse \u00e0 votre chevelure, vous pouvez terminer par un masque fait \u00e0 base de rhassoul, de l&#8217;eau de fleur d&#8217;oranger et de l&#8217;huile d&#8217;argan.<\/div>\n<div>Pour les peaux s\u00e8ches ou pour encore plus de plaisir: m\u00e9langez le rhassoul \u00e0 de l\u2019eau de rose ou de l\u2019eau de fleur d\u2019oranger plut\u00f4t qu\u2019\u00e0 de la simple eau ti\u00e8de. Ce soin vous laissera une peau et une chevelure agr\u00e9ablement parfum\u00e9es.<\/div>\n<div>Pour les peaux tr\u00e8s s\u00e8ches, vous pouvez ajouter au m\u00e9lange de l\u2019huile d\u2019amande douce ou d\u2019olive.<\/div>\n<div>\n<div>M\u00e9langez le rhassoul \u00e0 de l\u2019eau ti\u00e8de pour obtenir une p\u00e2te onctueuse.<\/div>\n<div>Soins du corps: la p\u00e2te est appliqu\u00e9e avec des mouvements circulaires pour bien nettoyer la peau.<br \/>\nLe rhassoul peut \u00eatre facilement utilis\u00e9 en gommage pour donner \u00e0 la peau une douceur et un satin\u00e9 rarement \u00e9gal\u00e9s.<\/div>\n<div>Pour les cheveux: appliquez la p\u00e2te sur l&#8217;ensemble de vos cheveux, de pr\u00e9f\u00e9rence mouill\u00e9s. Massez doucement votre cuir chevelu puis laissez reposer environ un quart d\u2019heure. Rincez soigneusement tout en brossant.<br \/>\nVotre chevelure sera soyeuse, chatoyante et gonflante.<\/div>\n<div>Pour donner de la vitalit\u00e9 et de la souplesse \u00e0 votre chevelure, vous pouvez terminer par un masque fait \u00e0 base de rhassoul, de l&#8217;eau de fleur d&#8217;oranger et de l&#8217;huile d&#8217;argan.<\/div>\n<div>Pour les peaux s\u00e8ches ou pour encore plus de plaisir: m\u00e9langez le rhassoul \u00e0 de l\u2019eau de rose ou de l\u2019eau de fleur d\u2019oranger plut\u00f4t qu\u2019\u00e0 de la simple eau ti\u00e8de. Ce soin vous laissera une peau et une chevelure agr\u00e9ablement parfum\u00e9es.<\/div>\n<div>Pour les peaux tr\u00e8s s\u00e8ches, vous pouvez ajouter au m\u00e9lange de l\u2019huile d\u2019amande douce ou d\u2019olive.<\/div>\n<\/div>\n<\/div>\n<\/div>\n<\/div>\n<\/div>\n<\/div>\n","protected":false},"excerpt":{"rendered":"<p>Le rhassoul (rassoul) ou ghassoul est une argile min\u00e9rale naturelle utilis\u00e9e par les femmes orientales pour leurs soins capillaires et corporels. Cette argile est extraite des seuls gisements connus dans le monde, situ\u00e9s en bordure de moyen Atlas au Maroc.<\/p>\n","protected":false},"featured_media":4093,"comment_status":"open","ping_status":"closed","template":"","meta":[],"product_brand":[],"product_cat":[47],"product_tag":[],"class_list":{"0":"post-4091","1":"product","2":"type-product","3":"status-publish","4":"has-post-thumbnail","6":"product_cat-beaute-orientale","8":"first","9":"instock","10":"taxable","11":"shipping-taxable","12":"purchasable","13":"product-type-simple"},"_links":{"self":[{"href":"https:\/\/magieorientale.com\/index.php\/wp-json\/wp\/v2\/product\/4091"}],"collection":[{"href":"https:\/\/magieorientale.com\/index.php\/wp-json\/wp\/v2\/product"}],"about":[{"href":"https:\/\/magieorientale.com\/index.php\/wp-json\/wp\/v2\/types\/product"}],"replies":[{"embeddable":true,"href":"https:\/\/magieorientale.com\/index.php\/wp-json\/wp\/v2\/comments?post=4091"}],"wp:featuredmedia":[{"embeddable":true,"href":"https:\/\/magieorientale.com\/index.php\/wp-json\/wp\/v2\/media\/4093"}],"wp:attachment":[{"href":"https:\/\/magieorientale.com\/index.php\/wp-json\/wp\/v2\/media?parent=4091"}],"wp:term":[{"taxonomy":"product_brand","embeddable":true,"href":"https:\/\/magieorientale.com\/index.php\/wp-json\/wp\/v2\/product_brand?post=4091"},{"taxonomy":"product_cat","embeddable":true,"href":"https:\/\/magieorientale.com\/index.php\/wp-json\/wp\/v2\/product_cat?post=4091"},{"taxonomy":"product_tag","embeddable":true,"href":"https:\/\/magieorientale.com\/index.php\/wp-json\/wp\/v2\/product_tag?post=4091"}],"curies":[{"name":"wp","href":"https:\/\/api.w.org\/{rel}","templated":true}]}}