{"id":3909,"date":"2023-08-03T14:49:14","date_gmt":"2023-08-03T12:49:14","guid":{"rendered":"https:\/\/magieorientale.com\/?post_type=product&#038;p=3909"},"modified":"2024-02-25T19:16:50","modified_gmt":"2024-02-25T18:16:50","slug":"guide-des-plantes-herbes-epices-et-resines-utilisees-comme-encens","status":"publish","type":"product","link":"https:\/\/magieorientale.com\/index.php\/produit\/guide-des-plantes-herbes-epices-et-resines-utilisees-comme-encens\/","title":{"rendered":"guide des plantes, herbes, \u00e9pices et r\u00e9sines utilis\u00e9es comme encens"},"content":{"rendered":"<p>Petit guide tr\u00e8s utile de l&#8217;utilisation des plantes, r\u00e9sines, \u00e9pices les plus utilis\u00e9es en magie blanche avec astuces, recettes magiques.<\/p>\n","protected":false},"excerpt":{"rendered":"<p>Petit guide tr\u00e8s utile de l&#8217;utilisation des plantes, r\u00e9sines, \u00e9pices les plus utilis\u00e9es en magie blanche avec astuces, recettes magiques. (ebook)<\/p>\n","protected":false},"featured_media":4084,"comment_status":"open","ping_status":"closed","template":"","meta":[],"product_brand":[],"product_cat":[15],"product_tag":[],"class_list":{"0":"post-3909","1":"product","2":"type-product","3":"status-publish","4":"has-post-thumbnail","6":"product_cat-livre-magie","8":"first","9":"instock","10":"downloadable","11":"virtual","12":"taxable","13":"purchasable","14":"product-type-simple"},"_links":{"self":[{"href":"https:\/\/magieorientale.com\/index.php\/wp-json\/wp\/v2\/product\/3909"}],"collection":[{"href":"https:\/\/magieorientale.com\/index.php\/wp-json\/wp\/v2\/product"}],"about":[{"href":"https:\/\/magieorientale.com\/index.php\/wp-json\/wp\/v2\/types\/product"}],"replies":[{"embeddable":true,"href":"https:\/\/magieorientale.com\/index.php\/wp-json\/wp\/v2\/comments?post=3909"}],"wp:featuredmedia":[{"embeddable":true,"href":"https:\/\/magieorientale.com\/index.php\/wp-json\/wp\/v2\/media\/4084"}],"wp:attachment":[{"href":"https:\/\/magieorientale.com\/index.php\/wp-json\/wp\/v2\/media?parent=3909"}],"wp:term":[{"taxonomy":"product_brand","embeddable":true,"href":"https:\/\/magieorientale.com\/index.php\/wp-json\/wp\/v2\/product_brand?post=3909"},{"taxonomy":"product_cat","embeddable":true,"href":"https:\/\/magieorientale.com\/index.php\/wp-json\/wp\/v2\/product_cat?post=3909"},{"taxonomy":"product_tag","embeddable":true,"href":"https:\/\/magieorientale.com\/index.php\/wp-json\/wp\/v2\/product_tag?post=3909"}],"curies":[{"name":"wp","href":"https:\/\/api.w.org\/{rel}","templated":true}]}}