{"id":3825,"date":"2023-04-06T16:42:36","date_gmt":"2023-04-06T14:42:36","guid":{"rendered":"https:\/\/magieorientale.com\/?post_type=product&#038;p=3825"},"modified":"2023-10-20T17:47:10","modified_gmt":"2023-10-20T15:47:10","slug":"ivanoff-mikhael-connais-toi-toi-meme-jnani-yoga","status":"publish","type":"product","link":"https:\/\/magieorientale.com\/index.php\/produit\/ivanoff-mikhael-connais-toi-toi-meme-jnani-yoga\/","title":{"rendered":"Ivanoff Mikha\u00ebl &#8211; &#8220;Connais-toi toi-m\u00eame&#8221; Jnani yoga"},"content":{"rendered":"<p>Note de l&#8217;\u00e9diteur. Le dix-septi\u00e8me volume des Oeuvres compl\u00e8tes du Ma\u00eetre Omraam Mikha\u00ebl Aivanhov&#8230; Et pourtant, le Ma\u00eetre n&#8217;a jamais \u00e9crit. J&#8217;imagine que s&#8217;il lui arrive parfois de jeter un coup d\u2019\u0153il sur ses livres &#8211; faits \u00e0 partir de notes st\u00e9nographi\u00e9es ou d&#8217;enregistrements magn\u00e9tiques de ses conf\u00e9rences &#8211; devant ces lignes froides et fig\u00e9es il doit \u00e9prouver \u00e0 peu pr\u00e8s la m\u00eame impression qu&#8217;un \u00eatre qui, se regardant un matin dans un miroir, apercevrait soudain son squelette au lieu de son visage.\u00a0<strong>&#8230;<\/strong><\/p>\n","protected":false},"excerpt":{"rendered":"<p>Note de l&#8217;\u00e9diteur. Le dix-septi\u00e8me volume des Oeuvres compl\u00e8tes du Ma\u00eetre Omraam Mikha\u00ebl Aivanhov&#8230; Et pourtant, le Ma\u00eetre n&#8217;a jamais \u00e9crit. J&#8217;imagine que s&#8217;il lui arrive parfois de jeter un coup d\u2019\u0153il sur ses livres &#8211; faits \u00e0 partir de notes st\u00e9nographi\u00e9es ou d&#8217;enregistrements magn\u00e9tiques de ses conf\u00e9rences &#8211; devant ces lignes froides et fig\u00e9es il doit \u00e9prouver \u00e0 peu pr\u00e8s la m\u00eame impression qu&#8217;un \u00eatre qui, se regardant un matin dans un miroir, apercevrait soudain son squelette au lieu de son visage.\u00a0<strong>&#8230;<\/strong><\/p>\n","protected":false},"featured_media":3826,"comment_status":"open","ping_status":"closed","template":"","meta":[],"product_brand":[],"product_cat":[46],"product_tag":[],"class_list":{"0":"post-3825","1":"product","2":"type-product","3":"status-publish","4":"has-post-thumbnail","6":"product_cat-livres-autres-livres","8":"first","9":"instock","10":"downloadable","11":"virtual","12":"taxable","13":"purchasable","14":"product-type-simple"},"_links":{"self":[{"href":"https:\/\/magieorientale.com\/index.php\/wp-json\/wp\/v2\/product\/3825"}],"collection":[{"href":"https:\/\/magieorientale.com\/index.php\/wp-json\/wp\/v2\/product"}],"about":[{"href":"https:\/\/magieorientale.com\/index.php\/wp-json\/wp\/v2\/types\/product"}],"replies":[{"embeddable":true,"href":"https:\/\/magieorientale.com\/index.php\/wp-json\/wp\/v2\/comments?post=3825"}],"wp:featuredmedia":[{"embeddable":true,"href":"https:\/\/magieorientale.com\/index.php\/wp-json\/wp\/v2\/media\/3826"}],"wp:attachment":[{"href":"https:\/\/magieorientale.com\/index.php\/wp-json\/wp\/v2\/media?parent=3825"}],"wp:term":[{"taxonomy":"product_brand","embeddable":true,"href":"https:\/\/magieorientale.com\/index.php\/wp-json\/wp\/v2\/product_brand?post=3825"},{"taxonomy":"product_cat","embeddable":true,"href":"https:\/\/magieorientale.com\/index.php\/wp-json\/wp\/v2\/product_cat?post=3825"},{"taxonomy":"product_tag","embeddable":true,"href":"https:\/\/magieorientale.com\/index.php\/wp-json\/wp\/v2\/product_tag?post=3825"}],"curies":[{"name":"wp","href":"https:\/\/api.w.org\/{rel}","templated":true}]}}