{"id":3822,"date":"2023-04-06T16:31:44","date_gmt":"2023-04-06T14:31:44","guid":{"rendered":"https:\/\/magieorientale.com\/?post_type=product&#038;p=3822"},"modified":"2023-10-20T17:48:00","modified_gmt":"2023-10-20T15:48:00","slug":"ivanoff-mikhael-puissances-de-la-pensee","status":"publish","type":"product","link":"https:\/\/magieorientale.com\/index.php\/produit\/ivanoff-mikhael-puissances-de-la-pensee\/","title":{"rendered":"Ivanoff Mikha\u00ebl &#8211; Puissances de la pens\u00e9e"},"content":{"rendered":"<p>La r\u00e9alit\u00e9 du travail spirituel. Il est \u00e9vident que l&#8217;homme est mieux pr\u00e9par\u00e9 pour le travail dans la mati\u00e8re que pour le travail spirituel, car les instruments qu&#8217;il poss\u00e8de pour agir sur la mati\u00e8re, les cinq sens, sont beaucoup plus d\u00e9velopp\u00e9s que les instruments qui lui permettent d&#8217;avoir acc\u00e8s au monde spirituel. C&#8217;est pour cela d&#8217;ailleurs que beaucoup de ceux qui s&#8217;engagent dans la voie de la spiritualit\u00e9 ont l&#8217;impression de n&#8217;arriver \u00e0 rien et finissent par se d\u00e9courager.<\/p>\n","protected":false},"excerpt":{"rendered":"<p>La r\u00e9alit\u00e9 du travail spirituel. Il est \u00e9vident que l&#8217;homme est mieux pr\u00e9par\u00e9 pour le travail dans la mati\u00e8re que pour le travail spirituel, car les instruments qu&#8217;il poss\u00e8de pour agir sur la mati\u00e8re, les cinq sens, sont beaucoup plus d\u00e9velopp\u00e9s que les instruments qui lui permettent d&#8217;avoir acc\u00e8s au monde spirituel. C&#8217;est pour cela d&#8217;ailleurs que beaucoup de ceux qui s&#8217;engagent dans la voie de la spiritualit\u00e9 ont l&#8217;impression de n&#8217;arriver \u00e0 rien et finissent par se d\u00e9courager.\u00a0<strong>&#8230;<\/strong><\/p>\n","protected":false},"featured_media":3824,"comment_status":"open","ping_status":"closed","template":"","meta":[],"product_brand":[],"product_cat":[46],"product_tag":[],"class_list":{"0":"post-3822","1":"product","2":"type-product","3":"status-publish","4":"has-post-thumbnail","6":"product_cat-livres-autres-livres","8":"first","9":"instock","10":"downloadable","11":"virtual","12":"taxable","13":"purchasable","14":"product-type-simple"},"_links":{"self":[{"href":"https:\/\/magieorientale.com\/index.php\/wp-json\/wp\/v2\/product\/3822"}],"collection":[{"href":"https:\/\/magieorientale.com\/index.php\/wp-json\/wp\/v2\/product"}],"about":[{"href":"https:\/\/magieorientale.com\/index.php\/wp-json\/wp\/v2\/types\/product"}],"replies":[{"embeddable":true,"href":"https:\/\/magieorientale.com\/index.php\/wp-json\/wp\/v2\/comments?post=3822"}],"wp:featuredmedia":[{"embeddable":true,"href":"https:\/\/magieorientale.com\/index.php\/wp-json\/wp\/v2\/media\/3824"}],"wp:attachment":[{"href":"https:\/\/magieorientale.com\/index.php\/wp-json\/wp\/v2\/media?parent=3822"}],"wp:term":[{"taxonomy":"product_brand","embeddable":true,"href":"https:\/\/magieorientale.com\/index.php\/wp-json\/wp\/v2\/product_brand?post=3822"},{"taxonomy":"product_cat","embeddable":true,"href":"https:\/\/magieorientale.com\/index.php\/wp-json\/wp\/v2\/product_cat?post=3822"},{"taxonomy":"product_tag","embeddable":true,"href":"https:\/\/magieorientale.com\/index.php\/wp-json\/wp\/v2\/product_tag?post=3822"}],"curies":[{"name":"wp","href":"https:\/\/api.w.org\/{rel}","templated":true}]}}