{"id":3819,"date":"2023-04-06T16:22:32","date_gmt":"2023-04-06T14:22:32","guid":{"rendered":"https:\/\/magieorientale.com\/?post_type=product&#038;p=3819"},"modified":"2023-10-20T17:48:42","modified_gmt":"2023-10-20T15:48:42","slug":"simon-sylvie-vaccins-mensonges-et-propagande","status":"publish","type":"product","link":"https:\/\/magieorientale.com\/index.php\/produit\/simon-sylvie-vaccins-mensonges-et-propagande\/","title":{"rendered":"Simon Sylvie &#8211; Vaccins, mensonges et propagande"},"content":{"rendered":"<p>Des Informations Ind\u00e9pendantes et claires. En deux si\u00e8cles d&#8217;histoire, la vaccination a connu succ\u00e8s et scandales. Aujourd hui il est bien difficile de savoir si les donn\u00e9es scientifiques sont suffisantes pour cr\u00e9er sans cesse et sans risque de nouveaux vaccins. Contrairement aux m\u00e9dicaments, les vaccins sont destin\u00e9s aux bien-portants pour pr\u00e9venir une hypoth\u00e9tique maladie. Il semble donc important que chacun connaisse les risques de ces maladies ainsi que ceux induits par les vaccins. Saviez-vous que la population vaccin\u00e9e contre la grippe est pass\u00e9e aux \u00c9tats-Unis de 15 % en 1980 \u00e0 65 % aujourd hui, sans qu&#8217;aucune diminution des d\u00e9c\u00e8s li\u00e9s \u00e0 cette maladie n&#8217;ait \u00e9t\u00e9 observ\u00e9e ?<\/p>\n","protected":false},"excerpt":{"rendered":"<p>Des Informations Ind\u00e9pendantes et claires. En deux si\u00e8cles d&#8217;histoire, la vaccination a connu succ\u00e8s et scandales. Aujourd hui il est bien difficile de savoir si les donn\u00e9es scientifiques sont suffisantes pour cr\u00e9er sans cesse et sans risque de nouveaux vaccins. Contrairement aux m\u00e9dicaments, les vaccins sont destin\u00e9s aux bien-portants pour pr\u00e9venir une hypoth\u00e9tique maladie. Il semble donc important que chacun connaisse les risques de ces maladies ainsi que ceux induits par les vaccins. Saviez-vous que la population vaccin\u00e9e contre la grippe est pass\u00e9e aux \u00c9tats-Unis de 15 % en 1980 \u00e0 65 % aujourd hui, sans qu&#8217;aucune diminution des d\u00e9c\u00e8s li\u00e9s \u00e0 cette maladie n&#8217;ait \u00e9t\u00e9 observ\u00e9e ?<\/p>\n","protected":false},"featured_media":3821,"comment_status":"open","ping_status":"closed","template":"","meta":[],"product_brand":[],"product_cat":[46],"product_tag":[],"class_list":{"0":"post-3819","1":"product","2":"type-product","3":"status-publish","4":"has-post-thumbnail","6":"product_cat-livres-autres-livres","8":"first","9":"instock","10":"downloadable","11":"virtual","12":"taxable","13":"purchasable","14":"product-type-simple"},"_links":{"self":[{"href":"https:\/\/magieorientale.com\/index.php\/wp-json\/wp\/v2\/product\/3819"}],"collection":[{"href":"https:\/\/magieorientale.com\/index.php\/wp-json\/wp\/v2\/product"}],"about":[{"href":"https:\/\/magieorientale.com\/index.php\/wp-json\/wp\/v2\/types\/product"}],"replies":[{"embeddable":true,"href":"https:\/\/magieorientale.com\/index.php\/wp-json\/wp\/v2\/comments?post=3819"}],"wp:featuredmedia":[{"embeddable":true,"href":"https:\/\/magieorientale.com\/index.php\/wp-json\/wp\/v2\/media\/3821"}],"wp:attachment":[{"href":"https:\/\/magieorientale.com\/index.php\/wp-json\/wp\/v2\/media?parent=3819"}],"wp:term":[{"taxonomy":"product_brand","embeddable":true,"href":"https:\/\/magieorientale.com\/index.php\/wp-json\/wp\/v2\/product_brand?post=3819"},{"taxonomy":"product_cat","embeddable":true,"href":"https:\/\/magieorientale.com\/index.php\/wp-json\/wp\/v2\/product_cat?post=3819"},{"taxonomy":"product_tag","embeddable":true,"href":"https:\/\/magieorientale.com\/index.php\/wp-json\/wp\/v2\/product_tag?post=3819"}],"curies":[{"name":"wp","href":"https:\/\/api.w.org\/{rel}","templated":true}]}}