{"id":3734,"date":"2023-03-24T13:02:54","date_gmt":"2023-03-24T12:02:54","guid":{"rendered":"https:\/\/magieorientale.com\/?post_type=product&#038;p=3734"},"modified":"2023-10-20T17:57:57","modified_gmt":"2023-10-20T15:57:57","slug":"cia-medecine-militaire-experimentale","status":"publish","type":"product","link":"https:\/\/magieorientale.com\/index.php\/produit\/cia-medecine-militaire-experimentale\/","title":{"rendered":"CIA m\u00e9decine militaire experimentale"},"content":{"rendered":"<p>Exp\u00e9riences et drogues test\u00e9es par la CIA sous les projets Bluebird, Artichoke, Mk Ultra et Mk Delta, vaccinations quasi-forc\u00e9es par la propagande suivi d&#8217;\u00e9pid\u00e9mies en tout genre, contr\u00f4le de la pens\u00e9e et du comportement, technologies de cristaux liquides \u2013 entres-autres \u2013, exp\u00e9riences m\u00e9dicales et militaires, &#8221;Programme de contr\u00f4le de la volont\u00e9&#8221; par le biais des ondes visuelles (t\u00e9l\u00e9vision et cin\u00e9ma), mais encore, des ondes \u00e9lectromagn\u00e9tiques (micro-ondes et \u00e9lectricit\u00e9 concentr\u00e9e) de mani\u00e8re \u00e0 provoquer chez vous, une confusion de l\u2019esprit et un \u00e9tat l\u00e9thargique permanent, etc. Ce &#8221;dossier&#8221; vous fera mieux comprendre combien vous \u00eates peu inform\u00e9s (surtout au sujet des &#8221;manipulations m\u00e9dicales&#8221;). Nul ne peut nier, non seulement les \u00e9vidences de la chute de l\u2019\u00e9conomie et du regroupement mondial d\u2019Organismes Internationaux, mais encore, que cette guerre se fait actuellement sous trois formes distinctes : Guerre \u00c9conomique ; Guerre \u00c9lectronique ; Guerre M\u00e9dicale. L\u2019Autoroute \u00c9lectronique (Commerce \u00c9lectronique) a \u00e9t\u00e9 mis sur pied aux \u00c9tats-Unis et annonc\u00e9 par le Pr\u00e9sident Clinton \u00e0 Washington le 26 Octobre 1993. Ce programme a \u00e9t\u00e9 d\u00e9fini dans un document, comme devant \u00eatre un outil de &#8221;Contr\u00f4le du gouvernement&#8221; \u2013 pour le gouvernement \u2013, afin de l\u2019aider \u00e0 obtenir un contr\u00f4le absolu. Cela signifie : un &#8221;fichage \u00e9lectronique de la population&#8221; \u00e0 l\u2019int\u00e9rieur duquel, toutes les entreprises et les individus seront comptabilis\u00e9s et per\u00e7us comme \u00e9tant des &#8221;unit\u00e9s \u00e9conomiques&#8221;. Ce programme \u00e9tant d\u00e9sormais en place, le gouvernement conna\u00eet donc absolument tout sur vous au point que la &#8221;libert\u00e9 individuelle&#8221; et la &#8221;vie priv\u00e9e&#8221; ont totalement disparus. L&#8217;implantation de ce syst\u00e8me permettra aussi la disparition compl\u00e8te de l&#8217;argent liquide puisque celui-ci sera devenu, \u00e0 toute fin pratique, compl\u00e8tement inutile dans les \u00e9changes commerciaux de demain. Le &#8221;contr\u00f4le direct des individus&#8221; \u00e0 des fins politiques, passe avant tout par la n\u00e9cessit\u00e9 d\u2019endormir l\u2019esprit, le cerveau des populations afin de les paralyser dans leur possibilit\u00e9 de r\u00e9fl\u00e9chir, de penser et de r\u00e9agir&#8230; Le meilleur des Mondes&#8230; Inutile de vous dire que ce dossier est totalement &#8221;explosif&#8221;&#8230; Un v\u00e9ritable recueil de preuves et de documents officiels prouvant les dires de l&#8217;auteur. \u00ab M\u00eame si ma vie est en danger \u00e0 cause de la diffusion d&#8217;informations comme celles-ci, la v\u00f4tre l&#8217;est encore plus par l&#8217;ignorance de ces m\u00eames informations \u00bb. Serge Monast<\/p>\n","protected":false},"excerpt":{"rendered":"<p>Exp\u00e9riences et drogues test\u00e9es par la CIA sous les projets Bluebird, Artichoke, Mk Ultra et Mk Delta, vaccinations quasi-forc\u00e9es par la propagande suivi d&#8217;\u00e9pid\u00e9mies en tout genre, contr\u00f4le de la pens\u00e9e et du comportement, technologies de cristaux liquides \u2013 entres-autres \u2013, exp\u00e9riences m\u00e9dicales et militaires, &#8221;Programme de contr\u00f4le de la volont\u00e9&#8221; par le biais des ondes visuelles (t\u00e9l\u00e9vision et cin\u00e9ma), mais encore, des ondes \u00e9lectromagn\u00e9tiques (micro-ondes et \u00e9lectricit\u00e9 concentr\u00e9e) de mani\u00e8re \u00e0 provoquer chez vous, une confusion de l\u2019esprit et un \u00e9tat l\u00e9thargique permanent, etc. Ce &#8221;dossier&#8221; vous fera mieux comprendre combien vous \u00eates peu inform\u00e9s (surtout au sujet des &#8221;manipulations m\u00e9dicales&#8221;). Nul ne peut nier, non seulement les \u00e9vidences de la chute de l\u2019\u00e9conomie et du regroupement mondial d\u2019Organismes Internationaux, mais encore, que cette guerre se fait actuellement sous trois formes distinctes : Guerre \u00c9conomique ; Guerre \u00c9lectronique ; Guerre M\u00e9dicale. L\u2019Autoroute \u00c9lectronique (Commerce \u00c9lectronique) a \u00e9t\u00e9 mis sur pied aux \u00c9tats-Unis et annonc\u00e9 par le Pr\u00e9sident Clinton \u00e0 Washington le 26 Octobre 1993. Ce programme a \u00e9t\u00e9 d\u00e9fini dans un document, comme devant \u00eatre un outil de &#8221;Contr\u00f4le du gouvernement&#8221; \u2013 pour le gouvernement \u2013, afin de l\u2019aider \u00e0 obtenir un contr\u00f4le absolu. Cela signifie : un &#8221;fichage \u00e9lectronique de la population&#8221; \u00e0 l\u2019int\u00e9rieur duquel, toutes les entreprises et les individus seront comptabilis\u00e9s et per\u00e7us comme \u00e9tant des &#8221;unit\u00e9s \u00e9conomiques&#8221;. Ce programme \u00e9tant d\u00e9sormais en place, le gouvernement conna\u00eet donc absolument tout sur vous au point que la &#8221;libert\u00e9 individuelle&#8221; et la &#8221;vie priv\u00e9e&#8221; ont totalement disparus. L&#8217;implantation de ce syst\u00e8me permettra aussi la disparition compl\u00e8te de l&#8217;argent liquide puisque celui-ci sera devenu, \u00e0 toute fin pratique, compl\u00e8tement inutile dans les \u00e9changes commerciaux de demain. Le &#8221;contr\u00f4le direct des individus&#8221; \u00e0 des fins politiques, passe avant tout par la n\u00e9cessit\u00e9 d\u2019endormir l\u2019esprit, le cerveau des populations afin de les paralyser dans leur possibilit\u00e9 de r\u00e9fl\u00e9chir, de penser et de r\u00e9agir&#8230; Le meilleur des Mondes&#8230; Inutile de vous dire que ce dossier est totalement &#8221;explosif&#8221;&#8230; Un v\u00e9ritable recueil de preuves et de documents officiels prouvant les dires de l&#8217;auteur. \u00ab M\u00eame si ma vie est en danger \u00e0 cause de la diffusion d&#8217;informations comme celles-ci, la v\u00f4tre l&#8217;est encore plus par l&#8217;ignorance de ces m\u00eames informations \u00bb. Serge Monast<\/p>\n","protected":false},"featured_media":3737,"comment_status":"open","ping_status":"closed","template":"","meta":[],"product_brand":[],"product_cat":[46],"product_tag":[],"class_list":{"0":"post-3734","1":"product","2":"type-product","3":"status-publish","4":"has-post-thumbnail","6":"product_cat-livres-autres-livres","8":"first","9":"instock","10":"downloadable","11":"virtual","12":"taxable","13":"purchasable","14":"product-type-simple"},"_links":{"self":[{"href":"https:\/\/magieorientale.com\/index.php\/wp-json\/wp\/v2\/product\/3734"}],"collection":[{"href":"https:\/\/magieorientale.com\/index.php\/wp-json\/wp\/v2\/product"}],"about":[{"href":"https:\/\/magieorientale.com\/index.php\/wp-json\/wp\/v2\/types\/product"}],"replies":[{"embeddable":true,"href":"https:\/\/magieorientale.com\/index.php\/wp-json\/wp\/v2\/comments?post=3734"}],"wp:featuredmedia":[{"embeddable":true,"href":"https:\/\/magieorientale.com\/index.php\/wp-json\/wp\/v2\/media\/3737"}],"wp:attachment":[{"href":"https:\/\/magieorientale.com\/index.php\/wp-json\/wp\/v2\/media?parent=3734"}],"wp:term":[{"taxonomy":"product_brand","embeddable":true,"href":"https:\/\/magieorientale.com\/index.php\/wp-json\/wp\/v2\/product_brand?post=3734"},{"taxonomy":"product_cat","embeddable":true,"href":"https:\/\/magieorientale.com\/index.php\/wp-json\/wp\/v2\/product_cat?post=3734"},{"taxonomy":"product_tag","embeddable":true,"href":"https:\/\/magieorientale.com\/index.php\/wp-json\/wp\/v2\/product_tag?post=3734"}],"curies":[{"name":"wp","href":"https:\/\/api.w.org\/{rel}","templated":true}]}}