{"id":3722,"date":"2023-03-24T11:55:40","date_gmt":"2023-03-24T10:55:40","guid":{"rendered":"https:\/\/magieorientale.com\/?post_type=product&#038;p=3722"},"modified":"2023-10-20T18:01:50","modified_gmt":"2023-10-20T16:01:50","slug":"tresor-du-vieillard-des-pyramides","status":"publish","type":"product","link":"https:\/\/magieorientale.com\/index.php\/produit\/tresor-du-vieillard-des-pyramides\/","title":{"rendered":"Tr\u00e9sor du vieillard des pyramides"},"content":{"rendered":"<p>Ce cahier de talismans est, quant aux dessins et aux mots cabalistiques, la copie tr\u00e8s-exacte de l\u2019original d\u00e9pos\u00e9 dans la Grande Mosqu\u00e9e d\u2019Alexandrie. Le seul exemplaire connu en Europe vers la fin du si\u00e8cle dernier, se trouvait dans la biblioth\u00e8que d\u2019un des principaux monast\u00e8res de Venise.\u00a0<strong>\u2026<\/strong>V\u00e9ritable science des talismans<\/p>\n","protected":false},"excerpt":{"rendered":"<p>Ce cahier de talismans est, quant aux dessins et aux mots cabalistiques, la copie tr\u00e8s-exacte de l\u2019original d\u00e9pos\u00e9 dans la Grande Mosqu\u00e9e d\u2019Alexandrie. Le seul exemplaire connu en Europe vers la fin du si\u00e8cle dernier, se trouvait dans la biblioth\u00e8que d\u2019un des principaux monast\u00e8res de Venise.\u00a0<strong>\u2026<\/strong>V\u00e9ritable science des talismans<\/p>\n","protected":false},"featured_media":3724,"comment_status":"open","ping_status":"closed","template":"","meta":[],"product_brand":[],"product_cat":[15],"product_tag":[],"class_list":{"0":"post-3722","1":"product","2":"type-product","3":"status-publish","4":"has-post-thumbnail","6":"product_cat-livre-magie","8":"first","9":"instock","10":"downloadable","11":"virtual","12":"taxable","13":"purchasable","14":"product-type-simple"},"_links":{"self":[{"href":"https:\/\/magieorientale.com\/index.php\/wp-json\/wp\/v2\/product\/3722"}],"collection":[{"href":"https:\/\/magieorientale.com\/index.php\/wp-json\/wp\/v2\/product"}],"about":[{"href":"https:\/\/magieorientale.com\/index.php\/wp-json\/wp\/v2\/types\/product"}],"replies":[{"embeddable":true,"href":"https:\/\/magieorientale.com\/index.php\/wp-json\/wp\/v2\/comments?post=3722"}],"wp:featuredmedia":[{"embeddable":true,"href":"https:\/\/magieorientale.com\/index.php\/wp-json\/wp\/v2\/media\/3724"}],"wp:attachment":[{"href":"https:\/\/magieorientale.com\/index.php\/wp-json\/wp\/v2\/media?parent=3722"}],"wp:term":[{"taxonomy":"product_brand","embeddable":true,"href":"https:\/\/magieorientale.com\/index.php\/wp-json\/wp\/v2\/product_brand?post=3722"},{"taxonomy":"product_cat","embeddable":true,"href":"https:\/\/magieorientale.com\/index.php\/wp-json\/wp\/v2\/product_cat?post=3722"},{"taxonomy":"product_tag","embeddable":true,"href":"https:\/\/magieorientale.com\/index.php\/wp-json\/wp\/v2\/product_tag?post=3722"}],"curies":[{"name":"wp","href":"https:\/\/api.w.org\/{rel}","templated":true}]}}