{"id":3717,"date":"2023-03-24T11:18:23","date_gmt":"2023-03-24T10:18:23","guid":{"rendered":"https:\/\/magieorientale.com\/?post_type=product&#038;p=3717"},"modified":"2023-10-20T18:04:01","modified_gmt":"2023-10-20T16:04:01","slug":"technique-de-lenvoutement-serge-hutin","status":"publish","type":"product","link":"https:\/\/magieorientale.com\/index.php\/produit\/technique-de-lenvoutement-serge-hutin\/","title":{"rendered":"Technique de l\u2019envo\u00fbtement (Serge Hutin)"},"content":{"rendered":"<p>Serge Hutin donne cette d\u00e9finition de l\u2019envo\u00fbtement\u00a0: \u201cl\u2019envo\u00fbtement consiste en l\u2019ensemble<br class=\"autobr\" \/>des proc\u00e9d\u00e9s magiques qui ont pour but de forcer la volont\u00e9 d\u2019autrui\u201d.<br \/>\nIl y a donc le but de forcer la volont\u00e9 et de le faire \u00e0 partir de \u201cforces magiques\u201d\u2026<\/p>\n","protected":false},"excerpt":{"rendered":"<p>Serge Hutin donne cette d\u00e9finition de l\u2019envo\u00fbtement\u00a0: \u201cl\u2019envo\u00fbtement consiste en l\u2019ensemble<br class=\"autobr\" \/>des proc\u00e9d\u00e9s magiques qui ont pour but de forcer la volont\u00e9 d\u2019autrui\u201d.<br \/>\nIl y a donc le but de forcer la volont\u00e9 et de le faire \u00e0 partir de \u201cforces magiques\u201d\u2026<\/p>\n","protected":false},"featured_media":3718,"comment_status":"open","ping_status":"closed","template":"","meta":[],"product_brand":[],"product_cat":[15],"product_tag":[],"class_list":{"0":"post-3717","1":"product","2":"type-product","3":"status-publish","4":"has-post-thumbnail","6":"product_cat-livre-magie","8":"first","9":"instock","10":"downloadable","11":"virtual","12":"taxable","13":"purchasable","14":"product-type-simple"},"_links":{"self":[{"href":"https:\/\/magieorientale.com\/index.php\/wp-json\/wp\/v2\/product\/3717"}],"collection":[{"href":"https:\/\/magieorientale.com\/index.php\/wp-json\/wp\/v2\/product"}],"about":[{"href":"https:\/\/magieorientale.com\/index.php\/wp-json\/wp\/v2\/types\/product"}],"replies":[{"embeddable":true,"href":"https:\/\/magieorientale.com\/index.php\/wp-json\/wp\/v2\/comments?post=3717"}],"wp:featuredmedia":[{"embeddable":true,"href":"https:\/\/magieorientale.com\/index.php\/wp-json\/wp\/v2\/media\/3718"}],"wp:attachment":[{"href":"https:\/\/magieorientale.com\/index.php\/wp-json\/wp\/v2\/media?parent=3717"}],"wp:term":[{"taxonomy":"product_brand","embeddable":true,"href":"https:\/\/magieorientale.com\/index.php\/wp-json\/wp\/v2\/product_brand?post=3717"},{"taxonomy":"product_cat","embeddable":true,"href":"https:\/\/magieorientale.com\/index.php\/wp-json\/wp\/v2\/product_cat?post=3717"},{"taxonomy":"product_tag","embeddable":true,"href":"https:\/\/magieorientale.com\/index.php\/wp-json\/wp\/v2\/product_tag?post=3717"}],"curies":[{"name":"wp","href":"https:\/\/api.w.org\/{rel}","templated":true}]}}