{"id":3714,"date":"2023-03-24T11:03:04","date_gmt":"2023-03-24T10:03:04","guid":{"rendered":"https:\/\/magieorientale.com\/?post_type=product&#038;p=3714"},"modified":"2025-01-17T19:18:50","modified_gmt":"2025-01-17T18:18:50","slug":"le-grand-arcane-constant-alphonse-louis","status":"publish","type":"product","link":"https:\/\/magieorientale.com\/index.php\/produit\/le-grand-arcane-constant-alphonse-louis\/","title":{"rendered":"Le grand arcane (Constant Alphonse Louis)"},"content":{"rendered":"<p>Le magn\u00e9tisme est une force analogue \u00e0 celle de l\u2019aimant ; il est r\u00e9parti dans toute la nature. Ses caract\u00e8res sont : l\u2019attraction, la r\u00e9pulsion et la polarisation \u00e9quilibr\u00e9e.<\/p>\n<p>La science constate les ph\u00e9nom\u00e8nes de l\u2019aimant astral et de l\u2019aimant min\u00e9ral. L\u2019aimant animal se manifeste tous les jours par des faits que la science observe avec d\u00e9fiance, mais qu\u2019elle ne peut d\u00e9j\u00e0 plus nier, bien qu\u2019elle attende avec raison pour les admettre qu\u2019on en puisse terminer l\u2019analyse par une synth\u00e8se incontestable<\/p>\n<p>On sait que l\u2019aimantation produite par le magn\u00e9tisme animal d\u00e9termine un sommeil extraordinaire pendant lequel l\u2019\u00e2me du magn\u00e9tis\u00e9 tombe sous la d\u00e9pendance du magn\u00e9tiseur avec cette particularit\u00e9 que la personne endormie semble laisser oisive sa vie propre et particuli\u00e8re pour manifester uniquement les ph\u00e9nom\u00e8nes de la vie universelle. Elle refl\u00e8te la pens\u00e9e des autres, voit autrement que par les yeux, se rend pr\u00e9sente partout sans avoir conscience de l\u2019espace, per\u00e7oit des formes bien mieux que les couleurs, supprime ou confond les p\u00e9riodes du temps, parle de l\u2019avenir comme s\u2019il \u00e9tait pass\u00e9 et du pass\u00e9 comme s\u2019il \u00e9tait \u00e0 venir, explique au magn\u00e9tiseur ses propres pens\u00e9es et jusqu\u2019au reproches secrets de la conscience, \u00e9voque dans son souvenir les personnes auxquelles il pense et les d\u00e9crit de la mani\u00e8re la plus exacte sans que le somnambule ou la somnambule les ait jamais vues, parle le langage de la science avec le savant et celui de l\u2019imagination avec le po\u00e8te, d\u00e9couvre les maladies et on devine les rem\u00e8des, donne souvent de sages conseils, souffre avec celui qui souffre et pousse parfois d\u2019avance un cri douloureux en vous annon\u00e7ant des tourments qui doivent venir\u2026<\/p>\n","protected":false},"excerpt":{"rendered":"<p>Le magn\u00e9tisme est une force analogue \u00e0 celle de l\u2019aimant ; il est r\u00e9parti dans toute la nature. Ses caract\u00e8res sont : l\u2019attraction, la r\u00e9pulsion et la polarisation \u00e9quilibr\u00e9e.<\/p>\n<p>La science constate les ph\u00e9nom\u00e8nes de l\u2019aimant astral et de l\u2019aimant min\u00e9ral. L\u2019aimant animal se manifeste tous les jours par des faits que la science observe avec d\u00e9fiance, mais qu\u2019elle ne peut d\u00e9j\u00e0 plus nier, bien qu\u2019elle attende avec raison pour les admettre qu\u2019on en puisse terminer l\u2019analyse par une synth\u00e8se incontestable<\/p>\n<p>On sait que l\u2019aimantation produite par le magn\u00e9tisme animal d\u00e9termine un sommeil extraordinaire pendant lequel l\u2019\u00e2me du magn\u00e9tis\u00e9 tombe sous la d\u00e9pendance du magn\u00e9tiseur avec cette particularit\u00e9 que la personne endormie semble laisser oisive sa vie propre et particuli\u00e8re pour manifester uniquement les ph\u00e9nom\u00e8nes de la vie universelle. Elle refl\u00e8te la pens\u00e9e des autres, voit autrement que par les yeux, se rend pr\u00e9sente partout sans avoir conscience de l\u2019espace, per\u00e7oit des formes bien mieux que les couleurs, supprime ou confond les p\u00e9riodes du temps, parle de l\u2019avenir comme s\u2019il \u00e9tait pass\u00e9 et du pass\u00e9 comme s\u2019il \u00e9tait \u00e0 venir, explique au magn\u00e9tiseur ses propres pens\u00e9es et jusqu\u2019au reproches secrets de la conscience, \u00e9voque dans son souvenir les personnes auxquelles il pense et les d\u00e9crit de la mani\u00e8re la plus exacte sans que le somnambule ou la somnambule les ait jamais vues, parle le langage de la science avec le savant et celui de l\u2019imagination avec le po\u00e8te, d\u00e9couvre les maladies et on devine les rem\u00e8des, donne souvent de sages conseils, souffre avec celui qui souffre et pousse parfois d\u2019avance un cri douloureux en vous annon\u00e7ant des tourments qui doivent venir\u2026<\/p>\n<div class=\"asp_product_buy_button\">\n<form id=\"asp_ng_form_6641d722e09042\" class=\"asp-stripe-form\" action=\"https:\/\/livres.magieorientale.com\/index.php\/livres-de-magie-en-francais\/\" method=\"POST\"><\/form>\n<div id=\"asp-all-buttons-container-6641d722e09042\" class=\"asp_all_buttons_container\">\n<div class=\"asp_product_buy_btn_container\"><button id=\"asp_ng_button_6641d722e09042\" class=\"asp_product_buy_btn blue\" type=\"submit\">T\u00e9l\u00e9charger<\/button><\/div>\n<\/div>\n<\/div>\n","protected":false},"featured_media":3715,"comment_status":"open","ping_status":"closed","template":"","meta":[],"product_brand":[],"product_cat":[15],"product_tag":[],"class_list":{"0":"post-3714","1":"product","2":"type-product","3":"status-publish","4":"has-post-thumbnail","6":"product_cat-livre-magie","8":"first","9":"instock","10":"downloadable","11":"virtual","12":"taxable","13":"purchasable","14":"product-type-simple"},"_links":{"self":[{"href":"https:\/\/magieorientale.com\/index.php\/wp-json\/wp\/v2\/product\/3714"}],"collection":[{"href":"https:\/\/magieorientale.com\/index.php\/wp-json\/wp\/v2\/product"}],"about":[{"href":"https:\/\/magieorientale.com\/index.php\/wp-json\/wp\/v2\/types\/product"}],"replies":[{"embeddable":true,"href":"https:\/\/magieorientale.com\/index.php\/wp-json\/wp\/v2\/comments?post=3714"}],"wp:featuredmedia":[{"embeddable":true,"href":"https:\/\/magieorientale.com\/index.php\/wp-json\/wp\/v2\/media\/3715"}],"wp:attachment":[{"href":"https:\/\/magieorientale.com\/index.php\/wp-json\/wp\/v2\/media?parent=3714"}],"wp:term":[{"taxonomy":"product_brand","embeddable":true,"href":"https:\/\/magieorientale.com\/index.php\/wp-json\/wp\/v2\/product_brand?post=3714"},{"taxonomy":"product_cat","embeddable":true,"href":"https:\/\/magieorientale.com\/index.php\/wp-json\/wp\/v2\/product_cat?post=3714"},{"taxonomy":"product_tag","embeddable":true,"href":"https:\/\/magieorientale.com\/index.php\/wp-json\/wp\/v2\/product_tag?post=3714"}],"curies":[{"name":"wp","href":"https:\/\/api.w.org\/{rel}","templated":true}]}}