{"id":3711,"date":"2023-03-24T10:52:16","date_gmt":"2023-03-24T09:52:16","guid":{"rendered":"https:\/\/magieorientale.com\/?post_type=product&#038;p=3711"},"modified":"2023-10-20T18:05:42","modified_gmt":"2023-10-20T16:05:42","slug":"les-oeuvres-magiques-de-henri-corneille-agrippa-daban-pierre","status":"publish","type":"product","link":"https:\/\/magieorientale.com\/index.php\/produit\/les-oeuvres-magiques-de-henri-corneille-agrippa-daban-pierre\/","title":{"rendered":"Les oeuvres magiques de Henri Corneille Agrippa (D\u2019aban pierre)"},"content":{"rendered":"<p>Latin Et\u00a0Fran\u00e7ais, Avec\u00a0Des\u00a0Secrets\u00a0Occultes [Edition De 1788]\u00a0\u00a0<span class=\"goog-text-highlight\">Nous avons trouv\u00e9 ce livre important pour les lecteurs qui veulent en savoir plus sur notre vieux tr\u00e9sor\u2026 L\u2019auteur Pierre D\u2019Aban reprend l\u2019essentiel des sp\u00e9culations d\u2019Agrippa en les transformant en manuel de magie pratique. On y trouve donc les recettes pr\u00e9cises des incantations, avec toutes les formules n\u00e9cessaires, en fran\u00e7ais et en latin, puis pour rendre une jeune fille amoureuse, pour emp\u00eacher les chiens d\u2019aboyer, contre la douleur de la torture, les maladies, etc, et surtout la mani\u00e8re d\u2019utiliser la mouche velue afin de d\u00e9nicher les tr\u00e9sors qui se trouvent sous terre. Tr\u00e8s pr\u00e9cieux pour la magie occulte\u2026<\/span><\/p>\n","protected":false},"excerpt":{"rendered":"<p>Latin Et\u00a0Fran\u00e7ais, Avec\u00a0Des\u00a0Secrets\u00a0Occultes [Edition De 1788]\u00a0\u00a0<span class=\"goog-text-highlight\">Nous avons trouv\u00e9 ce livre important pour les lecteurs qui veulent en savoir plus sur notre vieux tr\u00e9sor\u2026 L\u2019auteur Pierre D\u2019Aban reprend l\u2019essentiel des sp\u00e9culations d\u2019Agrippa en les transformant en manuel de magie pratique. On y trouve donc les recettes pr\u00e9cises des incantations, avec toutes les formules n\u00e9cessaires, en fran\u00e7ais et en latin, puis pour rendre une jeune fille amoureuse, pour emp\u00eacher les chiens d\u2019aboyer, contre la douleur de la torture, les maladies, etc, et surtout la mani\u00e8re d\u2019utiliser la mouche velue afin de d\u00e9nicher les tr\u00e9sors qui se trouvent sous terre. Tr\u00e8s pr\u00e9cieux pour la magie occulte\u2026<\/span><\/p>\n","protected":false},"featured_media":3712,"comment_status":"open","ping_status":"closed","template":"","meta":[],"product_brand":[],"product_cat":[15],"product_tag":[],"class_list":{"0":"post-3711","1":"product","2":"type-product","3":"status-publish","4":"has-post-thumbnail","6":"product_cat-livre-magie","8":"first","9":"instock","10":"downloadable","11":"virtual","12":"taxable","13":"purchasable","14":"product-type-simple"},"_links":{"self":[{"href":"https:\/\/magieorientale.com\/index.php\/wp-json\/wp\/v2\/product\/3711"}],"collection":[{"href":"https:\/\/magieorientale.com\/index.php\/wp-json\/wp\/v2\/product"}],"about":[{"href":"https:\/\/magieorientale.com\/index.php\/wp-json\/wp\/v2\/types\/product"}],"replies":[{"embeddable":true,"href":"https:\/\/magieorientale.com\/index.php\/wp-json\/wp\/v2\/comments?post=3711"}],"wp:featuredmedia":[{"embeddable":true,"href":"https:\/\/magieorientale.com\/index.php\/wp-json\/wp\/v2\/media\/3712"}],"wp:attachment":[{"href":"https:\/\/magieorientale.com\/index.php\/wp-json\/wp\/v2\/media?parent=3711"}],"wp:term":[{"taxonomy":"product_brand","embeddable":true,"href":"https:\/\/magieorientale.com\/index.php\/wp-json\/wp\/v2\/product_brand?post=3711"},{"taxonomy":"product_cat","embeddable":true,"href":"https:\/\/magieorientale.com\/index.php\/wp-json\/wp\/v2\/product_cat?post=3711"},{"taxonomy":"product_tag","embeddable":true,"href":"https:\/\/magieorientale.com\/index.php\/wp-json\/wp\/v2\/product_tag?post=3711"}],"curies":[{"name":"wp","href":"https:\/\/api.w.org\/{rel}","templated":true}]}}