{"id":3701,"date":"2023-03-24T10:05:00","date_gmt":"2023-03-24T09:05:00","guid":{"rendered":"https:\/\/magieorientale.com\/?post_type=product&#038;p=3701"},"modified":"2023-03-24T10:10:24","modified_gmt":"2023-03-24T09:10:24","slug":"24-rituels-secrets-de-la-magie-juive","status":"publish","type":"product","link":"https:\/\/magieorientale.com\/index.php\/produit\/24-rituels-secrets-de-la-magie-juive\/","title":{"rendered":"24 rituels secrets de la magie juive"},"content":{"rendered":"<p>Ce recueil de rituels n\u2019est pas un livre de Kabbale, pas plus qu\u2019un quelconque grimoire de sorcellerie. Bien qu\u2019appartenant \u00e0 la tradition d\u2019Isra\u00ebl, ces textes ne font pas partie de la pure veine rabbinique. Ils sont issus de la pratique magique juive, qui constitue une \u201cfrange d\u2019interf\u00e9rence\u201d entre le mysticisme de la Torah et les pratiques du hassidisme. ils sont tr\u00e8s impr\u00e9gn\u00e9s du Mosa\u00efsme dont ils proviennent. Leur utilisation implique des r\u00e9f\u00e9rences aux cinq premiers livres de la Bible le Pantateuque) et induit des techniques proches de la Notarique de la gu\u00e9matrie de la Kabbale.<\/p>\n","protected":false},"excerpt":{"rendered":"<p>Ce recueil de rituels n\u2019est pas un livre de Kabbale, pas plus qu\u2019un quelconque grimoire de sorcellerie. Bien qu\u2019appartenant \u00e0 la tradition d\u2019Isra\u00ebl, ces textes ne font pas partie de la pure veine rabbinique. Ils sont issus de la pratique magique juive, qui constitue une \u201cfrange d\u2019interf\u00e9rence\u201d entre le mysticisme de la Torah et les pratiques du hassidisme. ils sont tr\u00e8s impr\u00e9gn\u00e9s du Mosa\u00efsme dont ils proviennent. Leur utilisation implique des r\u00e9f\u00e9rences aux cinq premiers livres de la Bible le Pantateuque) et induit des techniques proches de la Notarique de la gu\u00e9matrie de la Kabbale.<\/p>\n<p><img loading=\"lazy\" decoding=\"async\" class=\" wp-image-3703 alignleft\" src=\"https:\/\/magieorientale.com\/wp-content\/uploads\/2023\/03\/Capture-web_24-3-2023_94652_livres.magieorientale.com_.jpeg\" alt=\"\" width=\"518\" height=\"609\" srcset=\"https:\/\/magieorientale.com\/wp-content\/uploads\/2023\/03\/Capture-web_24-3-2023_94652_livres.magieorientale.com_.jpeg 560w, https:\/\/magieorientale.com\/wp-content\/uploads\/2023\/03\/Capture-web_24-3-2023_94652_livres.magieorientale.com_-500x588.jpeg 500w, https:\/\/magieorientale.com\/wp-content\/uploads\/2023\/03\/Capture-web_24-3-2023_94652_livres.magieorientale.com_-255x300.jpeg 255w, https:\/\/magieorientale.com\/wp-content\/uploads\/2023\/03\/Capture-web_24-3-2023_94652_livres.magieorientale.com_-300x353.jpeg 300w\" sizes=\"(max-width: 518px) 100vw, 518px\" \/><\/p>\n","protected":false},"featured_media":3702,"comment_status":"open","ping_status":"closed","template":"","meta":[],"product_brand":[],"product_cat":[15],"product_tag":[],"class_list":{"0":"post-3701","1":"product","2":"type-product","3":"status-publish","4":"has-post-thumbnail","6":"product_cat-livre-magie","8":"first","9":"instock","10":"downloadable","11":"taxable","12":"shipping-taxable","13":"purchasable","14":"product-type-simple"},"_links":{"self":[{"href":"https:\/\/magieorientale.com\/index.php\/wp-json\/wp\/v2\/product\/3701"}],"collection":[{"href":"https:\/\/magieorientale.com\/index.php\/wp-json\/wp\/v2\/product"}],"about":[{"href":"https:\/\/magieorientale.com\/index.php\/wp-json\/wp\/v2\/types\/product"}],"replies":[{"embeddable":true,"href":"https:\/\/magieorientale.com\/index.php\/wp-json\/wp\/v2\/comments?post=3701"}],"wp:featuredmedia":[{"embeddable":true,"href":"https:\/\/magieorientale.com\/index.php\/wp-json\/wp\/v2\/media\/3702"}],"wp:attachment":[{"href":"https:\/\/magieorientale.com\/index.php\/wp-json\/wp\/v2\/media?parent=3701"}],"wp:term":[{"taxonomy":"product_brand","embeddable":true,"href":"https:\/\/magieorientale.com\/index.php\/wp-json\/wp\/v2\/product_brand?post=3701"},{"taxonomy":"product_cat","embeddable":true,"href":"https:\/\/magieorientale.com\/index.php\/wp-json\/wp\/v2\/product_cat?post=3701"},{"taxonomy":"product_tag","embeddable":true,"href":"https:\/\/magieorientale.com\/index.php\/wp-json\/wp\/v2\/product_tag?post=3701"}],"curies":[{"name":"wp","href":"https:\/\/api.w.org\/{rel}","templated":true}]}}