{"id":37,"date":"2016-07-08T21:54:56","date_gmt":"2016-07-08T19:54:56","guid":{"rendered":"http:\/\/magiearabedekader.esy.es\/?post_type=product&#038;p=37"},"modified":"2025-07-29T12:54:27","modified_gmt":"2025-07-29T10:54:27","slug":"poudre-dattirance","status":"publish","type":"product","link":"https:\/\/magieorientale.com\/index.php\/produit\/poudre-dattirance\/","title":{"rendered":"Poudre d&#8217;attirance (n\u00b04708)"},"content":{"rendered":"<div id=\"cc-m-9073556998\" class=\"j-module n j-header \">\n<h1 id=\"cc-m-header-9073556998\" class=\"\">LA POUDRE D&#8217;ATTIRANCE (secret de magie blanche)<\/h1>\n<\/div>\n<div id=\"cc-m-9599608998\" class=\"j-module n j-text \">\n<p>La propri\u00e9t\u00e9 magique de cette poudre est d&#8217;attirer l&#8217;amour et l&#8217;amiti\u00e9 dans de tr\u00e9s forte proportions.<\/p>\n<p>Il\u00a0a\u00a0 \u00e9t\u00e9 prouv\u00e9 maintes fois que les occasions ne manqueront pas.<\/p>\n<p>Si vous \u00eates seul(e) et d\u00e9sirez rencontrer quelqu&#8217;un, si vous voulez vous faire de nouveaux ami(e) ou relations,\u00a0avoir plus de contacte&#8230;<\/p>\n<p>Cette poudre peut vous\u00a0aider \u00e0 vous rendre plus attirant(e) pour les gens qui vous c\u00f4toient, elle est simple d&#8217;utilisation et\u00a0 attire la chance en g\u00e9nerale dans tous les domaines.<\/p>\n<p>Il existe plusieurs possibilit\u00e9s d&#8217;emploi:<\/p>\n<ul>\n<li>En bain, une bonne pinc\u00e9e dans l&#8217;eau<\/li>\n<li>A br\u00fbler comme encens<\/li>\n<li>Confectionner un talisman de chance&#8230;<\/li>\n<\/ul>\n<\/div>\n","protected":false},"excerpt":{"rendered":"<p>Cette poudre pr\u00e9par\u00e9e et consacr\u00e9e vous sera envoy\u00e9e avec tous les ingr\u00e9dients utiles \u00e0 la r\u00e9alisation de ce travail de magie blanche.<\/p>\n","protected":false},"featured_media":4076,"comment_status":"open","ping_status":"closed","template":"","meta":[],"product_brand":[],"product_cat":[38],"product_tag":[18,16],"class_list":{"0":"post-37","1":"product","2":"type-product","3":"status-publish","4":"has-post-thumbnail","6":"product_cat-les-formules-pour-lamour","7":"product_tag-poudres-magiques","8":"product_tag-travaux-de-magie","10":"first","11":"instock","12":"sold-individually","13":"taxable","14":"shipping-taxable","15":"purchasable","16":"product-type-simple"},"_links":{"self":[{"href":"https:\/\/magieorientale.com\/index.php\/wp-json\/wp\/v2\/product\/37"}],"collection":[{"href":"https:\/\/magieorientale.com\/index.php\/wp-json\/wp\/v2\/product"}],"about":[{"href":"https:\/\/magieorientale.com\/index.php\/wp-json\/wp\/v2\/types\/product"}],"replies":[{"embeddable":true,"href":"https:\/\/magieorientale.com\/index.php\/wp-json\/wp\/v2\/comments?post=37"}],"wp:featuredmedia":[{"embeddable":true,"href":"https:\/\/magieorientale.com\/index.php\/wp-json\/wp\/v2\/media\/4076"}],"wp:attachment":[{"href":"https:\/\/magieorientale.com\/index.php\/wp-json\/wp\/v2\/media?parent=37"}],"wp:term":[{"taxonomy":"product_brand","embeddable":true,"href":"https:\/\/magieorientale.com\/index.php\/wp-json\/wp\/v2\/product_brand?post=37"},{"taxonomy":"product_cat","embeddable":true,"href":"https:\/\/magieorientale.com\/index.php\/wp-json\/wp\/v2\/product_cat?post=37"},{"taxonomy":"product_tag","embeddable":true,"href":"https:\/\/magieorientale.com\/index.php\/wp-json\/wp\/v2\/product_tag?post=37"}],"curies":[{"name":"wp","href":"https:\/\/api.w.org\/{rel}","templated":true}]}}