{"id":3669,"date":"2022-11-11T07:55:30","date_gmt":"2022-11-11T06:55:30","guid":{"rendered":"https:\/\/magieorientale.com\/?post_type=product&#038;p=3669"},"modified":"2023-08-27T19:26:06","modified_gmt":"2023-08-27T17:26:06","slug":"chance-pure","status":"publish","type":"product","link":"https:\/\/magieorientale.com\/index.php\/produit\/chance-pure\/","title":{"rendered":"Chance pure"},"content":{"rendered":"<p>Travail\u00a0 pour demande sp\u00e9cifique pour contrer l&#8217;adversit\u00e9 et augmenter la chance l\u00e9gitime<\/p>\n","protected":false},"excerpt":{"rendered":"<p>Travail\u00a0 pour demande sp\u00e9cifique pour contrer l&#8217;adversit\u00e9 et augmenter la chance l\u00e9gitime<\/p>\n","protected":false},"featured_media":4060,"comment_status":"open","ping_status":"closed","template":"","meta":[],"product_brand":[],"product_cat":[17],"product_tag":[],"class_list":{"0":"post-3669","1":"product","2":"type-product","3":"status-publish","4":"has-post-thumbnail","6":"product_cat-travaux-de-magie-blanche-pour-la-chance-et-le-commerce","8":"first","9":"instock","10":"taxable","11":"shipping-taxable","12":"purchasable","13":"product-type-simple"},"_links":{"self":[{"href":"https:\/\/magieorientale.com\/index.php\/wp-json\/wp\/v2\/product\/3669"}],"collection":[{"href":"https:\/\/magieorientale.com\/index.php\/wp-json\/wp\/v2\/product"}],"about":[{"href":"https:\/\/magieorientale.com\/index.php\/wp-json\/wp\/v2\/types\/product"}],"replies":[{"embeddable":true,"href":"https:\/\/magieorientale.com\/index.php\/wp-json\/wp\/v2\/comments?post=3669"}],"wp:featuredmedia":[{"embeddable":true,"href":"https:\/\/magieorientale.com\/index.php\/wp-json\/wp\/v2\/media\/4060"}],"wp:attachment":[{"href":"https:\/\/magieorientale.com\/index.php\/wp-json\/wp\/v2\/media?parent=3669"}],"wp:term":[{"taxonomy":"product_brand","embeddable":true,"href":"https:\/\/magieorientale.com\/index.php\/wp-json\/wp\/v2\/product_brand?post=3669"},{"taxonomy":"product_cat","embeddable":true,"href":"https:\/\/magieorientale.com\/index.php\/wp-json\/wp\/v2\/product_cat?post=3669"},{"taxonomy":"product_tag","embeddable":true,"href":"https:\/\/magieorientale.com\/index.php\/wp-json\/wp\/v2\/product_tag?post=3669"}],"curies":[{"name":"wp","href":"https:\/\/api.w.org\/{rel}","templated":true}]}}