{"id":3649,"date":"2022-09-04T12:13:39","date_gmt":"2022-09-04T10:13:39","guid":{"rendered":"https:\/\/magieorientale.com\/?post_type=product&#038;p=3649"},"modified":"2023-08-27T19:22:44","modified_gmt":"2023-08-27T17:22:44","slug":"pour-contrer-ma-medisance","status":"publish","type":"product","link":"https:\/\/magieorientale.com\/index.php\/produit\/pour-contrer-ma-medisance\/","title":{"rendered":"Pour contrer ma m\u00e9disance"},"content":{"rendered":"<p>Si les gens ont tendance \u00e0 vous jalouser, \u00e0 vous critiquer, \u00e0 vous surveiller, nous pr\u00e9parons un travail sp\u00e9cifique \u00e0 ce probl\u00e8me, en effet \u00e0 force ces rayons n\u00e9gatifs peuvent interferer et vous finir par vous bloquer dans tous vos projets. Nous conseillons donc d&#8217;agir rapidement d\u00e8s le d\u00e9but et de ne pas laisser s&#8217;installer ce genre de blocage, qui au final agira comme un sort de magie noire. Il faut vraiment prendre tr\u00e8s au s\u00e9rieux ce genre de situation, les d\u00e9celer et y rem\u00e9dier pour avoir une vie \u00e9panouie avec la chance de pouvoir saisir toutes les opportunit\u00e9s qui se pr\u00e9sentent.<\/p>\n<p>&nbsp;<\/p>\n<p>&nbsp;<\/p>\n","protected":false},"excerpt":{"rendered":"<p>Si les gens ont tendance \u00e0 vous jalouser, \u00e0 vous critiquer, \u00e0 vous surveiller, nous pr\u00e9parons un travail sp\u00e9cifique \u00e0 ce probl\u00e8me, en effet \u00e0 force ces rayons n\u00e9gatifs peuvent interferer et vous finir par vous bloquer dans tous vos projets. Nous conseillons donc d&#8217;agir rapidement d\u00e8s le d\u00e9but et de ne pas laisser s&#8217;installer ce genre de blocage, qui au final agira comme un sort de magie noire. Il faut vraiment prendre tr\u00e8s au s\u00e9rieux ce genre de situation, les d\u00e9celer et y rem\u00e9dier pour avoir une vie \u00e9panouie avec la chance de pouvoir saisir toutes les opportunit\u00e9s qui se pr\u00e9sentent.<\/p>\n","protected":false},"featured_media":4059,"comment_status":"open","ping_status":"closed","template":"","meta":[],"product_brand":[],"product_cat":[17],"product_tag":[],"class_list":{"0":"post-3649","1":"product","2":"type-product","3":"status-publish","4":"has-post-thumbnail","6":"product_cat-travaux-de-magie-blanche-pour-la-chance-et-le-commerce","8":"first","9":"instock","10":"taxable","11":"shipping-taxable","12":"purchasable","13":"product-type-simple"},"_links":{"self":[{"href":"https:\/\/magieorientale.com\/index.php\/wp-json\/wp\/v2\/product\/3649"}],"collection":[{"href":"https:\/\/magieorientale.com\/index.php\/wp-json\/wp\/v2\/product"}],"about":[{"href":"https:\/\/magieorientale.com\/index.php\/wp-json\/wp\/v2\/types\/product"}],"replies":[{"embeddable":true,"href":"https:\/\/magieorientale.com\/index.php\/wp-json\/wp\/v2\/comments?post=3649"}],"wp:featuredmedia":[{"embeddable":true,"href":"https:\/\/magieorientale.com\/index.php\/wp-json\/wp\/v2\/media\/4059"}],"wp:attachment":[{"href":"https:\/\/magieorientale.com\/index.php\/wp-json\/wp\/v2\/media?parent=3649"}],"wp:term":[{"taxonomy":"product_brand","embeddable":true,"href":"https:\/\/magieorientale.com\/index.php\/wp-json\/wp\/v2\/product_brand?post=3649"},{"taxonomy":"product_cat","embeddable":true,"href":"https:\/\/magieorientale.com\/index.php\/wp-json\/wp\/v2\/product_cat?post=3649"},{"taxonomy":"product_tag","embeddable":true,"href":"https:\/\/magieorientale.com\/index.php\/wp-json\/wp\/v2\/product_tag?post=3649"}],"curies":[{"name":"wp","href":"https:\/\/api.w.org\/{rel}","templated":true}]}}