{"id":3625,"date":"2022-06-25T20:58:49","date_gmt":"2022-06-25T18:58:49","guid":{"rendered":"https:\/\/magieorientale.com\/?post_type=product&#038;p=3625"},"modified":"2026-04-21T09:04:54","modified_gmt":"2026-04-21T07:04:54","slug":"formule-haute-magie","status":"publish","type":"product","link":"https:\/\/magieorientale.com\/index.php\/produit\/formule-haute-magie\/","title":{"rendered":"Formule haute magie &#8220;contact&#8221;"},"content":{"rendered":"<p>Formule haute magie<strong> &#8220;contact&#8221;<\/strong><\/p>\n<p>Tr\u00e8s ancien secret de magie blanche, ce travail de magie blanche arabe tr\u00e8s puissant permet de faire revenir une personne simplement en lui parlant, cela peut \u00eatre en directe ou par t\u00e9l\u00e9phone, et m\u00eame par SMS<\/p>\n<p>Et oui la magie possede d&#8217;inombrables et d&#8217;incroyables secrets !<\/p>\n","protected":false},"excerpt":{"rendered":"<p>Tr\u00e8s ancien secret de magie blanche, ce travail de magie blanche arabe tr\u00e8s puissant permet de faire revenir une personne simplement en lui parlant, cela peut \u00eatre en directe ou par t\u00e9l\u00e9phone, et m\u00eame par SMS<\/p>\n<p>Et oui la magie possede d&#8217;inombrables et d&#8217;incroyables secrets !<\/p>\n","protected":false},"featured_media":4068,"comment_status":"open","ping_status":"closed","template":"","meta":[],"product_brand":[],"product_cat":[38],"product_tag":[],"class_list":{"0":"post-3625","1":"product","2":"type-product","3":"status-publish","4":"has-post-thumbnail","6":"product_cat-les-formules-pour-lamour","8":"first","9":"instock","10":"taxable","11":"shipping-taxable","12":"purchasable","13":"product-type-simple"},"_links":{"self":[{"href":"https:\/\/magieorientale.com\/index.php\/wp-json\/wp\/v2\/product\/3625"}],"collection":[{"href":"https:\/\/magieorientale.com\/index.php\/wp-json\/wp\/v2\/product"}],"about":[{"href":"https:\/\/magieorientale.com\/index.php\/wp-json\/wp\/v2\/types\/product"}],"replies":[{"embeddable":true,"href":"https:\/\/magieorientale.com\/index.php\/wp-json\/wp\/v2\/comments?post=3625"}],"wp:featuredmedia":[{"embeddable":true,"href":"https:\/\/magieorientale.com\/index.php\/wp-json\/wp\/v2\/media\/4068"}],"wp:attachment":[{"href":"https:\/\/magieorientale.com\/index.php\/wp-json\/wp\/v2\/media?parent=3625"}],"wp:term":[{"taxonomy":"product_brand","embeddable":true,"href":"https:\/\/magieorientale.com\/index.php\/wp-json\/wp\/v2\/product_brand?post=3625"},{"taxonomy":"product_cat","embeddable":true,"href":"https:\/\/magieorientale.com\/index.php\/wp-json\/wp\/v2\/product_cat?post=3625"},{"taxonomy":"product_tag","embeddable":true,"href":"https:\/\/magieorientale.com\/index.php\/wp-json\/wp\/v2\/product_tag?post=3625"}],"curies":[{"name":"wp","href":"https:\/\/api.w.org\/{rel}","templated":true}]}}