{"id":3602,"date":"2022-05-13T20:48:12","date_gmt":"2022-05-13T18:48:12","guid":{"rendered":"https:\/\/magieorientale.com\/?post_type=product&#038;p=3602"},"modified":"2022-05-15T16:49:29","modified_gmt":"2022-05-15T14:49:29","slug":"les-talismans-planetaires","status":"publish","type":"product","link":"https:\/\/magieorientale.com\/index.php\/produit\/les-talismans-planetaires\/","title":{"rendered":"Les talismans plan\u00e9taires"},"content":{"rendered":"<p><span style=\"font-weight: 400;\">Jusqu&#8217;\u00e0 pr\u00e9sent nous avons vu les plan\u00e8tes surtout d\u2019un point de vue astronomique, mais ces \u00e9l\u00e9ments ne suffisent pas pour la magie blanche. Il faudra pour la confection des talismans ainsi que dans les applications divinatoires, employer la partie magique de l\u2019astrologie. La magie attribue \u00e0 chaque plan\u00e8te des caract\u00e8res particuliers, des nombres, des talismans, des anges, des d\u00e9mons etc On trouve ces d\u00e9tails dans les \u0153uvres d\u2019Agrippa, d\u2019Eliphas L\u00e9vis.<\/span><\/p>\n<p><span style=\"font-weight: 400;\">Vous trouverez ici les rapports magiques des 7 plan\u00e8tes avec leurs carr\u00e9s magiques\u00a0 qui correspondent, ainsi les bienfaits que peuvent apporter chacun des carr\u00e9s magiques, chance, amour, protection etc. Cette partie de l&#8217;astrologie magique est tr\u00e8s importante pour celle ou celui qui souhaite s\u2019initier \u00e0 la magie blanche.<\/span><\/p>\n","protected":false},"excerpt":{"rendered":"<p><span style=\"font-weight: 400;\">Jusqu&#8217;\u00e0 pr\u00e9sent nous avons vu les plan\u00e8tes surtout d\u2019un point de vue astronomique, mais ces \u00e9l\u00e9ments ne suffisent pas pour la magie blanche. Il faudra pour la confection des talismans ainsi que dans les applications divinatoires, employer la partie magique de l\u2019astrologie. La magie attribue \u00e0 chaque plan\u00e8te des caract\u00e8res particuliers, des nombres, des talismans, des anges, des d\u00e9mons etc On trouve ces d\u00e9tails dans les \u0153uvres d\u2019Agrippa, d\u2019Eliphas L\u00e9vis.<\/span><\/p>\n<p><span style=\"font-weight: 400;\">Vous trouverez ici les rapports magiques des 7 plan\u00e8tes avec leurs carr\u00e9s magiques\u00a0 qui correspondent, ainsi les bienfaits que peuvent apporter chacun des carr\u00e9s magiques, chance, amour, protection etc. Cette partie de l&#8217;astrologie magique est tr\u00e8s importante pour celle ou celui qui souhaite s\u2019initier \u00e0 la magie blanche.<\/span><\/p>\n","protected":false},"featured_media":3604,"comment_status":"open","ping_status":"closed","template":"","meta":[],"product_brand":[],"product_cat":[15],"product_tag":[],"class_list":{"0":"post-3602","1":"product","2":"type-product","3":"status-publish","4":"has-post-thumbnail","6":"product_cat-livre-magie","8":"first","9":"instock","10":"downloadable","11":"taxable","12":"shipping-taxable","13":"purchasable","14":"product-type-simple"},"_links":{"self":[{"href":"https:\/\/magieorientale.com\/index.php\/wp-json\/wp\/v2\/product\/3602"}],"collection":[{"href":"https:\/\/magieorientale.com\/index.php\/wp-json\/wp\/v2\/product"}],"about":[{"href":"https:\/\/magieorientale.com\/index.php\/wp-json\/wp\/v2\/types\/product"}],"replies":[{"embeddable":true,"href":"https:\/\/magieorientale.com\/index.php\/wp-json\/wp\/v2\/comments?post=3602"}],"wp:featuredmedia":[{"embeddable":true,"href":"https:\/\/magieorientale.com\/index.php\/wp-json\/wp\/v2\/media\/3604"}],"wp:attachment":[{"href":"https:\/\/magieorientale.com\/index.php\/wp-json\/wp\/v2\/media?parent=3602"}],"wp:term":[{"taxonomy":"product_brand","embeddable":true,"href":"https:\/\/magieorientale.com\/index.php\/wp-json\/wp\/v2\/product_brand?post=3602"},{"taxonomy":"product_cat","embeddable":true,"href":"https:\/\/magieorientale.com\/index.php\/wp-json\/wp\/v2\/product_cat?post=3602"},{"taxonomy":"product_tag","embeddable":true,"href":"https:\/\/magieorientale.com\/index.php\/wp-json\/wp\/v2\/product_tag?post=3602"}],"curies":[{"name":"wp","href":"https:\/\/api.w.org\/{rel}","templated":true}]}}