{"id":3535,"date":"2021-11-28T17:39:23","date_gmt":"2021-11-28T16:39:23","guid":{"rendered":"https:\/\/magieorientale.com\/?post_type=product&#038;p=3535"},"modified":"2023-08-27T20:20:31","modified_gmt":"2023-08-27T18:20:31","slug":"formule-haute-magie-2","status":"publish","type":"product","link":"https:\/\/magieorientale.com\/index.php\/produit\/formule-haute-magie-2\/","title":{"rendered":"Formule haute magie &#8220;amour&#8221;"},"content":{"rendered":"<p>Travail de magie blanche pour un retour d&#8217;affection rapide efficace &#8230;. Vous avez peut \u00eatre rencontr\u00e9 quelqu&#8217;un et il ou elle se fait d\u00e9sirer ? Vous \u00eates seul et\u00a0 voulez rencontrer la personne id\u00e9ale pour vous ? Vous \u00eates mari\u00e9 ou fianc\u00e9 et une dispute \u00e0 \u00e9clat\u00e9 ?<\/p>\n<p>Bien&#8230;!<\/p>\n<p>Dans tous ces cas ce travail est pour vous il va vous aider \u00e0 aller de l&#8217;avant et \u00e0\u00a0 enfin pouvoir envisager l&#8217;avenir plus sereinement, ce travail est envoy\u00e9 pr\u00eat \u00e0 l&#8217;emploi, il s&#8217;agit d&#8217;un retour d&#8217;affection, qui peut \u00e9galement \u00eatre utilis\u00e9 sur une personne connue dont vous voulez vous rapprocher.<\/p>\n<p>Nous sommes disponible en cas de besoin comme pour tous les travaux que nous proposons.<\/p>\n","protected":false},"excerpt":{"rendered":"<p>Travail de magie blanche pour un retour d&#8217;affection rapide efficace &#8230;. Vous avez peut \u00eatre rencontr\u00e9 quelqu&#8217;un et il ou elle se fait d\u00e9sirer ? Vous \u00eates seul et\u00a0 voulez rencontrer la personne id\u00e9ale pour vous ? Vous \u00eates mari\u00e9 ou fianc\u00e9 et une dispute \u00e0 \u00e9clat\u00e9 ?<\/p>\n<p>Bien&#8230;!<\/p>\n<p>Dans tous ces cas ce travail est pour vous il va vous aider \u00e0 aller de l&#8217;avant et \u00e0\u00a0 enfin pouvoir envisager l&#8217;avenir plus sereinement, ce travail est envoy\u00e9 pr\u00eat \u00e0 l&#8217;emploi, il s&#8217;agit d&#8217;un retour d&#8217;affection, qui peut \u00e9galement \u00eatre utilis\u00e9 sur une personne connue dont vous voulez vous rapprocher.<\/p>\n<p>Nous sommes disponible en cas de besoin comme pour tous les travaux que nous proposons.<\/p>\n","protected":false},"featured_media":4070,"comment_status":"open","ping_status":"closed","template":"","meta":[],"product_brand":[],"product_cat":[38],"product_tag":[],"class_list":{"0":"post-3535","1":"product","2":"type-product","3":"status-publish","4":"has-post-thumbnail","6":"product_cat-les-formules-pour-lamour","8":"first","9":"instock","10":"taxable","11":"shipping-taxable","12":"purchasable","13":"product-type-simple"},"_links":{"self":[{"href":"https:\/\/magieorientale.com\/index.php\/wp-json\/wp\/v2\/product\/3535"}],"collection":[{"href":"https:\/\/magieorientale.com\/index.php\/wp-json\/wp\/v2\/product"}],"about":[{"href":"https:\/\/magieorientale.com\/index.php\/wp-json\/wp\/v2\/types\/product"}],"replies":[{"embeddable":true,"href":"https:\/\/magieorientale.com\/index.php\/wp-json\/wp\/v2\/comments?post=3535"}],"wp:featuredmedia":[{"embeddable":true,"href":"https:\/\/magieorientale.com\/index.php\/wp-json\/wp\/v2\/media\/4070"}],"wp:attachment":[{"href":"https:\/\/magieorientale.com\/index.php\/wp-json\/wp\/v2\/media?parent=3535"}],"wp:term":[{"taxonomy":"product_brand","embeddable":true,"href":"https:\/\/magieorientale.com\/index.php\/wp-json\/wp\/v2\/product_brand?post=3535"},{"taxonomy":"product_cat","embeddable":true,"href":"https:\/\/magieorientale.com\/index.php\/wp-json\/wp\/v2\/product_cat?post=3535"},{"taxonomy":"product_tag","embeddable":true,"href":"https:\/\/magieorientale.com\/index.php\/wp-json\/wp\/v2\/product_tag?post=3535"}],"curies":[{"name":"wp","href":"https:\/\/api.w.org\/{rel}","templated":true}]}}