{"id":35,"date":"2016-07-08T21:52:31","date_gmt":"2016-07-08T19:52:31","guid":{"rendered":"http:\/\/magiearabedekader.esy.es\/?post_type=product&#038;p=35"},"modified":"2025-07-29T12:55:42","modified_gmt":"2025-07-29T10:55:42","slug":"poudre-de-retour-daffection","status":"publish","type":"product","link":"https:\/\/magieorientale.com\/index.php\/produit\/poudre-de-retour-daffection\/","title":{"rendered":"Poudre de retour d&#8217;affection (n\u00b04707)"},"content":{"rendered":"<p>Votre ami(e) vous \u00e0 quitt\u00e9, il est parti du jour au lendemain. Peut \u00eatre avez vous d\u00e9j\u00e0 test\u00e9 plusieurs recettes mais sans succ\u00e8s,\u00a0alors c&#8217;est qu&#8217;il vous faut\u00a0un travail plus puissant et plus attractif , mais rassurez vous\u00a0qui reste facile\u00a0\u00e0 faire; <strong>la poudre de retour d&#8217;affection<\/strong>\u00a0est tr\u00e8s efficace m\u00eame pour les cas plus compliqu\u00e9.<\/p>\n<p>Cette poudre est un m\u00e9lange secret de plantes et encens, qui sont sp\u00e9cialement utilis\u00e9s pour l&#8217;amour et sont donc tr\u00e8s puissant pour le retour d&#8217;affection.<\/p>\n<p>La personne commence d&#8217;abord par prendre contacte pour un motif ou un autre, \u00e7a peut \u00eatre un appel t\u00e9l\u00e9phonique ou une visite surprise, parfois une rencontre surprise.. . Puis peu \u00e0 peu vos rapport deviendront plus fr\u00e9quent et l\u00e0 vous pourrez reconqu\u00e9rir votre amour.<\/p>\n","protected":false},"excerpt":{"rendered":"<p>Cette poudre est pr\u00e9par\u00e9e et consacr\u00e9e et vous sera envoy\u00e9e avec\u00a0tous les ingr\u00e9dients utiles \u00e0 la r\u00e9alisation de ce secret de \u00a0magie banche arabe!<\/p>\n","protected":false},"featured_media":4065,"comment_status":"open","ping_status":"closed","template":"","meta":[],"product_brand":[],"product_cat":[38],"product_tag":[16],"class_list":{"0":"post-35","1":"product","2":"type-product","3":"status-publish","4":"has-post-thumbnail","6":"product_cat-les-formules-pour-lamour","7":"product_tag-travaux-de-magie","9":"first","10":"instock","11":"sold-individually","12":"taxable","13":"shipping-taxable","14":"purchasable","15":"product-type-simple"},"_links":{"self":[{"href":"https:\/\/magieorientale.com\/index.php\/wp-json\/wp\/v2\/product\/35"}],"collection":[{"href":"https:\/\/magieorientale.com\/index.php\/wp-json\/wp\/v2\/product"}],"about":[{"href":"https:\/\/magieorientale.com\/index.php\/wp-json\/wp\/v2\/types\/product"}],"replies":[{"embeddable":true,"href":"https:\/\/magieorientale.com\/index.php\/wp-json\/wp\/v2\/comments?post=35"}],"wp:featuredmedia":[{"embeddable":true,"href":"https:\/\/magieorientale.com\/index.php\/wp-json\/wp\/v2\/media\/4065"}],"wp:attachment":[{"href":"https:\/\/magieorientale.com\/index.php\/wp-json\/wp\/v2\/media?parent=35"}],"wp:term":[{"taxonomy":"product_brand","embeddable":true,"href":"https:\/\/magieorientale.com\/index.php\/wp-json\/wp\/v2\/product_brand?post=35"},{"taxonomy":"product_cat","embeddable":true,"href":"https:\/\/magieorientale.com\/index.php\/wp-json\/wp\/v2\/product_cat?post=35"},{"taxonomy":"product_tag","embeddable":true,"href":"https:\/\/magieorientale.com\/index.php\/wp-json\/wp\/v2\/product_tag?post=35"}],"curies":[{"name":"wp","href":"https:\/\/api.w.org\/{rel}","templated":true}]}}