{"id":3414,"date":"2020-11-10T14:10:06","date_gmt":"2020-11-10T13:10:06","guid":{"rendered":"https:\/\/magieorientale.com\/?post_type=product&#038;p=3414"},"modified":"2025-07-29T12:53:21","modified_gmt":"2025-07-29T10:53:21","slug":"fleur-de-paradis","status":"publish","type":"product","link":"https:\/\/magieorientale.com\/index.php\/produit\/fleur-de-paradis\/","title":{"rendered":"Fleur de paradis"},"content":{"rendered":"<p>M\u00e9lange de plusieurs encens et autres produits pour en renforcer l&#8217;action. A br\u00fbler sur un charbon ardent.<\/p>\n<p>+ RECETTE<\/p>\n","protected":false},"excerpt":{"rendered":"<p>Poudre magique de composition secr\u00e8te qui permet la d\u00e9tente et la relaxation, permet de retrouver calme mentale et qui\u00e9tude<\/p>\n<p>Laissez vous plonger dans un d\u00e9lassement ultime !<\/p>\n<p>C&#8217;est un v\u00e9ritable &#8220;d\u00e9sinfectant&#8221; mentale il d\u00e9barrasse des id\u00e9es noires, des cauchemars, \u00e9loigne toutes les pens\u00e9es n\u00e9gatives et invite la chance.<\/p>\n<p>&nbsp;<\/p>\n","protected":false},"featured_media":4056,"comment_status":"open","ping_status":"closed","template":"","meta":[],"product_brand":[],"product_cat":[31],"product_tag":[],"class_list":{"0":"post-3414","1":"product","2":"type-product","3":"status-publish","4":"has-post-thumbnail","6":"product_cat-nos-poudres-magiques","8":"first","9":"instock","10":"taxable","11":"shipping-taxable","12":"purchasable","13":"product-type-simple"},"_links":{"self":[{"href":"https:\/\/magieorientale.com\/index.php\/wp-json\/wp\/v2\/product\/3414"}],"collection":[{"href":"https:\/\/magieorientale.com\/index.php\/wp-json\/wp\/v2\/product"}],"about":[{"href":"https:\/\/magieorientale.com\/index.php\/wp-json\/wp\/v2\/types\/product"}],"replies":[{"embeddable":true,"href":"https:\/\/magieorientale.com\/index.php\/wp-json\/wp\/v2\/comments?post=3414"}],"wp:featuredmedia":[{"embeddable":true,"href":"https:\/\/magieorientale.com\/index.php\/wp-json\/wp\/v2\/media\/4056"}],"wp:attachment":[{"href":"https:\/\/magieorientale.com\/index.php\/wp-json\/wp\/v2\/media?parent=3414"}],"wp:term":[{"taxonomy":"product_brand","embeddable":true,"href":"https:\/\/magieorientale.com\/index.php\/wp-json\/wp\/v2\/product_brand?post=3414"},{"taxonomy":"product_cat","embeddable":true,"href":"https:\/\/magieorientale.com\/index.php\/wp-json\/wp\/v2\/product_cat?post=3414"},{"taxonomy":"product_tag","embeddable":true,"href":"https:\/\/magieorientale.com\/index.php\/wp-json\/wp\/v2\/product_tag?post=3414"}],"curies":[{"name":"wp","href":"https:\/\/api.w.org\/{rel}","templated":true}]}}