{"id":3329,"date":"2020-06-18T13:49:38","date_gmt":"2020-06-18T11:49:38","guid":{"rendered":"https:\/\/magieorientale.com\/?post_type=product&#038;p=3329"},"modified":"2025-07-29T12:55:10","modified_gmt":"2025-07-29T10:55:10","slug":"poudre-de-nettoyage","status":"publish","type":"product","link":"https:\/\/magieorientale.com\/index.php\/produit\/poudre-de-nettoyage\/","title":{"rendered":"Poudre de nettoyage"},"content":{"rendered":"<p>Avant de r\u00e9aliser un rituel il faut prendre r\u00e9ellement le temps de se mettre en situation, de pr\u00e9parer l&#8217;esprit \u00e0 recevoir ce que vous demandez.<\/p>\n<p>De la m\u00eame fa\u00e7on que vous nettoyez la maison avant de recevoir des invit\u00e9s, vous devez prendre le temps de nettoyer votre corps et de purifier votre esprit avant de recevoir des \u00e9nergies sup\u00e9rieures. Une des meilleurs fa\u00e7on de le faire est de prendre un bain &#8220;sp\u00e9cial&#8221; qui va vous permettre de vous d\u00e9tendre compl\u00e8tement et de vous purifier\u00a0 pour vous pr\u00e9parer aux rituels que vous voulez pratiquer. Cette pr\u00e9paration est tr\u00e8s importante et d\u00e9terminante pour le r\u00e9sultat.<\/p>\n<p>Comme ce bain est d&#8217;essence magique il n&#8217;est pas destin\u00e9 \u00e0 se laver en tant que tel, il est donc conseill\u00e9 de prendre une douche auparavant, le bain magique est con\u00e7u sp\u00e9cialement pour vous permettre d&#8217;avoir une meilleure concentration et optimiser votre travail, il lib\u00e8re le corps et l&#8217;esprit de toutes \u00e9nergies n\u00e9gatives et de centrer votre pens\u00e9e sur ce que vous faites de cette fa\u00e7on votre pouvoir est plus puissant, plus pr\u00e9cis.<\/p>\n<p>&nbsp;<\/p>\n","protected":false},"excerpt":{"rendered":"<p>Avant de r\u00e9aliser un rituel il faut prendre r\u00e9ellement le temps de se mettre en situation, de pr\u00e9parer l&#8217;esprit \u00e0 recevoir ce que vous demandez.<br \/>\nDe la m\u00eame fa\u00e7on que vous nettoyez la maison avant de recevoir des invit\u00e9s, vous devez prendre le temps de nettoyer votre corps et de purifier votre esprit avant de recevoir des \u00e9nergies sup\u00e9rieures.<\/p>\n","protected":false},"featured_media":4019,"comment_status":"open","ping_status":"closed","template":"","meta":[],"product_brand":[],"product_cat":[44],"product_tag":[],"class_list":{"0":"post-3329","1":"product","2":"type-product","3":"status-publish","4":"has-post-thumbnail","6":"product_cat-desenvoutement","8":"first","9":"instock","10":"taxable","11":"shipping-taxable","12":"purchasable","13":"product-type-simple"},"_links":{"self":[{"href":"https:\/\/magieorientale.com\/index.php\/wp-json\/wp\/v2\/product\/3329"}],"collection":[{"href":"https:\/\/magieorientale.com\/index.php\/wp-json\/wp\/v2\/product"}],"about":[{"href":"https:\/\/magieorientale.com\/index.php\/wp-json\/wp\/v2\/types\/product"}],"replies":[{"embeddable":true,"href":"https:\/\/magieorientale.com\/index.php\/wp-json\/wp\/v2\/comments?post=3329"}],"wp:featuredmedia":[{"embeddable":true,"href":"https:\/\/magieorientale.com\/index.php\/wp-json\/wp\/v2\/media\/4019"}],"wp:attachment":[{"href":"https:\/\/magieorientale.com\/index.php\/wp-json\/wp\/v2\/media?parent=3329"}],"wp:term":[{"taxonomy":"product_brand","embeddable":true,"href":"https:\/\/magieorientale.com\/index.php\/wp-json\/wp\/v2\/product_brand?post=3329"},{"taxonomy":"product_cat","embeddable":true,"href":"https:\/\/magieorientale.com\/index.php\/wp-json\/wp\/v2\/product_cat?post=3329"},{"taxonomy":"product_tag","embeddable":true,"href":"https:\/\/magieorientale.com\/index.php\/wp-json\/wp\/v2\/product_tag?post=3329"}],"curies":[{"name":"wp","href":"https:\/\/api.w.org\/{rel}","templated":true}]}}