{"id":3144,"date":"2018-11-16T20:25:29","date_gmt":"2018-11-16T19:25:29","guid":{"rendered":"https:\/\/magieorientale.com\/?post_type=product&#038;p=3144"},"modified":"2026-04-02T00:45:16","modified_gmt":"2026-04-01T22:45:16","slug":"formule-pour-la-fidelite","status":"publish","type":"product","link":"https:\/\/magieorientale.com\/index.php\/produit\/formule-pour-la-fidelite\/","title":{"rendered":"Formule pour la fid\u00e9lit\u00e9"},"content":{"rendered":"<p>Si vous soup\u00e7onnez votre femme ou votre mari de vous \u00eatre infid\u00e8le, ce travail le ou la remettra dans le droit chemin, et il ou elle redeviendra d&#8217;une fid\u00e9lit\u00e9 absolue, peut \u00eatre utilis\u00e9 pour garder votre couple unie et vous prot\u00e9ger de l&#8217;infid\u00e9lit\u00e9.<\/p>\n<p>Facile \u00e0 faire ce travail est envoy\u00e9 avec une petite notice \u00e0 suivre.<\/p>\n<p>&nbsp;<\/p>\n","protected":false},"excerpt":{"rendered":"<p>Ce travail de magie blanche est \u00e0 utiliser si vous pensez que votre conjoint(e) n&#8217;est pas fid\u00e8le, ou si vous d\u00e9sirez prot\u00e9ger votre couple de l&#8217;infid\u00e9lit\u00e9.<\/p>\n","protected":false},"featured_media":4029,"comment_status":"open","ping_status":"closed","template":"","meta":[],"product_brand":[],"product_cat":[38],"product_tag":[],"class_list":{"0":"post-3144","1":"product","2":"type-product","3":"status-publish","4":"has-post-thumbnail","6":"product_cat-les-formules-pour-lamour","8":"first","9":"instock","10":"taxable","11":"shipping-taxable","12":"purchasable","13":"product-type-simple"},"_links":{"self":[{"href":"https:\/\/magieorientale.com\/index.php\/wp-json\/wp\/v2\/product\/3144"}],"collection":[{"href":"https:\/\/magieorientale.com\/index.php\/wp-json\/wp\/v2\/product"}],"about":[{"href":"https:\/\/magieorientale.com\/index.php\/wp-json\/wp\/v2\/types\/product"}],"replies":[{"embeddable":true,"href":"https:\/\/magieorientale.com\/index.php\/wp-json\/wp\/v2\/comments?post=3144"}],"wp:featuredmedia":[{"embeddable":true,"href":"https:\/\/magieorientale.com\/index.php\/wp-json\/wp\/v2\/media\/4029"}],"wp:attachment":[{"href":"https:\/\/magieorientale.com\/index.php\/wp-json\/wp\/v2\/media?parent=3144"}],"wp:term":[{"taxonomy":"product_brand","embeddable":true,"href":"https:\/\/magieorientale.com\/index.php\/wp-json\/wp\/v2\/product_brand?post=3144"},{"taxonomy":"product_cat","embeddable":true,"href":"https:\/\/magieorientale.com\/index.php\/wp-json\/wp\/v2\/product_cat?post=3144"},{"taxonomy":"product_tag","embeddable":true,"href":"https:\/\/magieorientale.com\/index.php\/wp-json\/wp\/v2\/product_tag?post=3144"}],"curies":[{"name":"wp","href":"https:\/\/api.w.org\/{rel}","templated":true}]}}