{"id":2203,"date":"2017-10-07T18:16:08","date_gmt":"2017-10-07T18:16:08","guid":{"rendered":"http:\/\/magiearabedekader.esy.es\/?post_type=product&#038;p=2203"},"modified":"2025-03-24T05:31:34","modified_gmt":"2025-03-24T04:31:34","slug":"lavande-et-amour","status":"publish","type":"product","link":"https:\/\/magieorientale.com\/index.php\/produit\/lavande-et-amour\/","title":{"rendered":"Coup de foudre"},"content":{"rendered":"<p>M\u00e9lange de plusieurs encens et autres produits pour en renforcer l&#8217;action. A br\u00fbler sur un charbon ardent.<\/p>\n<p>+ RECETTE<\/p>\n","protected":false},"excerpt":{"rendered":"<p>Cette poudre est une formule d\u2019amour tr\u00e8s puissante, si vous voulez faire des rencontres amicales ou amoureuses, si vous voulez vous rapprocher d\u2019une personne de votre entourage ou attirer l&#8217;amour de mani\u00e8re g\u00e9n\u00e9rale alors faites confiance \u00e0 cette poudre qui en plus prot\u00e8ge aussi du mauvais \u0153il.<\/p>\n<p>&nbsp;<\/p>\n","protected":false},"featured_media":4107,"comment_status":"open","ping_status":"closed","template":"","meta":[],"product_brand":[],"product_cat":[31],"product_tag":[],"class_list":{"0":"post-2203","1":"product","2":"type-product","3":"status-publish","4":"has-post-thumbnail","6":"product_cat-nos-poudres-magiques","8":"first","9":"instock","10":"taxable","11":"shipping-taxable","12":"purchasable","13":"product-type-simple"},"_links":{"self":[{"href":"https:\/\/magieorientale.com\/index.php\/wp-json\/wp\/v2\/product\/2203"}],"collection":[{"href":"https:\/\/magieorientale.com\/index.php\/wp-json\/wp\/v2\/product"}],"about":[{"href":"https:\/\/magieorientale.com\/index.php\/wp-json\/wp\/v2\/types\/product"}],"replies":[{"embeddable":true,"href":"https:\/\/magieorientale.com\/index.php\/wp-json\/wp\/v2\/comments?post=2203"}],"wp:featuredmedia":[{"embeddable":true,"href":"https:\/\/magieorientale.com\/index.php\/wp-json\/wp\/v2\/media\/4107"}],"wp:attachment":[{"href":"https:\/\/magieorientale.com\/index.php\/wp-json\/wp\/v2\/media?parent=2203"}],"wp:term":[{"taxonomy":"product_brand","embeddable":true,"href":"https:\/\/magieorientale.com\/index.php\/wp-json\/wp\/v2\/product_brand?post=2203"},{"taxonomy":"product_cat","embeddable":true,"href":"https:\/\/magieorientale.com\/index.php\/wp-json\/wp\/v2\/product_cat?post=2203"},{"taxonomy":"product_tag","embeddable":true,"href":"https:\/\/magieorientale.com\/index.php\/wp-json\/wp\/v2\/product_tag?post=2203"}],"curies":[{"name":"wp","href":"https:\/\/api.w.org\/{rel}","templated":true}]}}