{"id":1703,"date":"2017-06-22T16:08:40","date_gmt":"2017-06-22T16:08:40","guid":{"rendered":"http:\/\/magiearabedekader.esy.es\/?post_type=product&#038;p=1703"},"modified":"2023-08-27T20:45:21","modified_gmt":"2023-08-27T18:45:21","slug":"formule-poudre","status":"publish","type":"product","link":"https:\/\/magieorientale.com\/index.php\/produit\/formule-poudre\/","title":{"rendered":"Formule poudre"},"content":{"rendered":"<p>Cette formule simple qui permet de faire revenir une personne peut \u00eatre utilis\u00e9 si une dispute vous a s\u00e9par\u00e9, si une personne se met entre vous ou est la cause de conflits dans votre couple ou si vous vous \u00eates petit \u00e0 petit\u00a0\u00e9loign\u00e9 l&#8217;un de l&#8217;autre, elle sert \u00e0 vous rapprocher et \u00e0 \u00eatre plus intime.<\/p>\n<p>Il s&#8217;agit d&#8217;une poudre magique \u00e0 br\u00fbler qui peut \u00eatre utilis\u00e9 par tous, et qui ne demande aucune connaissance en magie blanche puisqu&#8217;elle est pr\u00eate \u00e0 l&#8217;emploi!<\/p>\n<p>&nbsp;<\/p>\n<p><strong>A lire:<\/strong>\u00a0Aucune garanti de r\u00e9sultat n&#8217;est donn\u00e9 sur les travaux de retour d&#8217;affection, chaque individu \u00e9tant unique les r\u00e9actions diff\u00e8rent et sont plus ou moins\u00a0puissantes en fonction de la situation personnel du couple. Cela \u00e9tant dit nous avons eu pratiquement que des retours positifs et de nombreux t\u00e9moignages allant dans ce sens.<\/p>\n","protected":false},"excerpt":{"rendered":"<p>Secret de haute magie qui sert \u00e0 rapprocher un couple, \u00e0 consolider vos liens et \u00e9loigne les personnes qui pourrai vous s\u00e9parer, peut \u00e9galement faire revenir une personne et \u00a0recr\u00e9er la complicit\u00e9 apr\u00e8s une dispute.<\/p>\n","protected":false},"featured_media":4075,"comment_status":"open","ping_status":"closed","template":"","meta":[],"product_brand":[],"product_cat":[38],"product_tag":[],"class_list":{"0":"post-1703","1":"product","2":"type-product","3":"status-publish","4":"has-post-thumbnail","6":"product_cat-les-formules-pour-lamour","8":"first","9":"instock","10":"taxable","11":"shipping-taxable","12":"purchasable","13":"product-type-simple"},"_links":{"self":[{"href":"https:\/\/magieorientale.com\/index.php\/wp-json\/wp\/v2\/product\/1703"}],"collection":[{"href":"https:\/\/magieorientale.com\/index.php\/wp-json\/wp\/v2\/product"}],"about":[{"href":"https:\/\/magieorientale.com\/index.php\/wp-json\/wp\/v2\/types\/product"}],"replies":[{"embeddable":true,"href":"https:\/\/magieorientale.com\/index.php\/wp-json\/wp\/v2\/comments?post=1703"}],"wp:featuredmedia":[{"embeddable":true,"href":"https:\/\/magieorientale.com\/index.php\/wp-json\/wp\/v2\/media\/4075"}],"wp:attachment":[{"href":"https:\/\/magieorientale.com\/index.php\/wp-json\/wp\/v2\/media?parent=1703"}],"wp:term":[{"taxonomy":"product_brand","embeddable":true,"href":"https:\/\/magieorientale.com\/index.php\/wp-json\/wp\/v2\/product_brand?post=1703"},{"taxonomy":"product_cat","embeddable":true,"href":"https:\/\/magieorientale.com\/index.php\/wp-json\/wp\/v2\/product_cat?post=1703"},{"taxonomy":"product_tag","embeddable":true,"href":"https:\/\/magieorientale.com\/index.php\/wp-json\/wp\/v2\/product_tag?post=1703"}],"curies":[{"name":"wp","href":"https:\/\/api.w.org\/{rel}","templated":true}]}}