{"id":1648,"date":"2017-06-16T16:29:36","date_gmt":"2017-06-16T16:29:36","guid":{"rendered":"http:\/\/magiearabedekader.esy.es\/?post_type=product&#038;p=1648"},"modified":"2025-07-29T12:53:51","modified_gmt":"2025-07-29T10:53:51","slug":"poudre-secret-de-passion","status":"publish","type":"product","link":"https:\/\/magieorientale.com\/index.php\/produit\/poudre-secret-de-passion\/","title":{"rendered":"Secret de passion"},"content":{"rendered":"<p>M\u00e9lange de plusieurs encens et autres produits pour en renforcer l&#8217;action. A br\u00fbler sur un charbon ardent.<\/p>\n<p>+ RECETTE<\/p>\n","protected":false},"excerpt":{"rendered":"<p>Cette poudre \u00ab\u00a0secret de la passion\u00a0\u00bb est un m\u00e9lange subtile de plantes, elles sont\u00a0choisies en raison du pouvoir qu\u2019elles ont sur les sentiments et l\u2019amour. \u00a0Il suffira d\u2019en faire br\u00fbler un peu avant un rendez-vous amoureux pour augmenter la passion ou la cr\u00e9er!<\/p>\n<p>Cette poudre \u00e0 le pouvoir de transformer une amiti\u00e9 en amour sinc\u00e8re.<\/p>\n","protected":false},"featured_media":4055,"comment_status":"open","ping_status":"closed","template":"","meta":[],"product_brand":[],"product_cat":[31],"product_tag":[33],"class_list":{"0":"post-1648","1":"product","2":"type-product","3":"status-publish","4":"has-post-thumbnail","6":"product_cat-nos-poudres-magiques","7":"product_tag-poudre-magique","9":"first","10":"instock","11":"taxable","12":"shipping-taxable","13":"purchasable","14":"product-type-simple"},"_links":{"self":[{"href":"https:\/\/magieorientale.com\/index.php\/wp-json\/wp\/v2\/product\/1648"}],"collection":[{"href":"https:\/\/magieorientale.com\/index.php\/wp-json\/wp\/v2\/product"}],"about":[{"href":"https:\/\/magieorientale.com\/index.php\/wp-json\/wp\/v2\/types\/product"}],"replies":[{"embeddable":true,"href":"https:\/\/magieorientale.com\/index.php\/wp-json\/wp\/v2\/comments?post=1648"}],"wp:featuredmedia":[{"embeddable":true,"href":"https:\/\/magieorientale.com\/index.php\/wp-json\/wp\/v2\/media\/4055"}],"wp:attachment":[{"href":"https:\/\/magieorientale.com\/index.php\/wp-json\/wp\/v2\/media?parent=1648"}],"wp:term":[{"taxonomy":"product_brand","embeddable":true,"href":"https:\/\/magieorientale.com\/index.php\/wp-json\/wp\/v2\/product_brand?post=1648"},{"taxonomy":"product_cat","embeddable":true,"href":"https:\/\/magieorientale.com\/index.php\/wp-json\/wp\/v2\/product_cat?post=1648"},{"taxonomy":"product_tag","embeddable":true,"href":"https:\/\/magieorientale.com\/index.php\/wp-json\/wp\/v2\/product_tag?post=1648"}],"curies":[{"name":"wp","href":"https:\/\/api.w.org\/{rel}","templated":true}]}}