{"id":1631,"date":"2017-06-16T15:13:44","date_gmt":"2017-06-16T15:13:44","guid":{"rendered":"http:\/\/magiearabedekader.esy.es\/?post_type=product&#038;p=1631"},"modified":"2023-08-27T18:29:53","modified_gmt":"2023-08-27T16:29:53","slug":"storax-en-grains","status":"publish","type":"product","link":"https:\/\/magieorientale.com\/index.php\/produit\/storax-en-grains\/","title":{"rendered":"Storax (en grains)"},"content":{"rendered":"<p>Encens storax: prot\u00e8ge et calme le mental<\/p>\n<p>Le Storax favorise un sommeil calme il prot\u00e8ge contre les forces n\u00e9gatives pendant le sommeil. Il reste efficace contre les cauchemars. Le Storax prot\u00e8ge aussi de toutes forces n\u00e9gatives, il favorise la fid\u00e9lit\u00e9.<\/p>\n","protected":false},"excerpt":{"rendered":"<p>Encens en grains de premi\u00e8re qualit\u00e9<\/p>\n","protected":false},"featured_media":4050,"comment_status":"open","ping_status":"closed","template":"","meta":[],"product_brand":[],"product_cat":[21],"product_tag":[25],"class_list":{"0":"post-1631","1":"product","2":"type-product","3":"status-publish","4":"has-post-thumbnail","6":"product_cat-encens-en-grains","7":"product_tag-storax","9":"first","10":"instock","11":"taxable","12":"shipping-taxable","13":"purchasable","14":"product-type-simple"},"_links":{"self":[{"href":"https:\/\/magieorientale.com\/index.php\/wp-json\/wp\/v2\/product\/1631"}],"collection":[{"href":"https:\/\/magieorientale.com\/index.php\/wp-json\/wp\/v2\/product"}],"about":[{"href":"https:\/\/magieorientale.com\/index.php\/wp-json\/wp\/v2\/types\/product"}],"replies":[{"embeddable":true,"href":"https:\/\/magieorientale.com\/index.php\/wp-json\/wp\/v2\/comments?post=1631"}],"wp:featuredmedia":[{"embeddable":true,"href":"https:\/\/magieorientale.com\/index.php\/wp-json\/wp\/v2\/media\/4050"}],"wp:attachment":[{"href":"https:\/\/magieorientale.com\/index.php\/wp-json\/wp\/v2\/media?parent=1631"}],"wp:term":[{"taxonomy":"product_brand","embeddable":true,"href":"https:\/\/magieorientale.com\/index.php\/wp-json\/wp\/v2\/product_brand?post=1631"},{"taxonomy":"product_cat","embeddable":true,"href":"https:\/\/magieorientale.com\/index.php\/wp-json\/wp\/v2\/product_cat?post=1631"},{"taxonomy":"product_tag","embeddable":true,"href":"https:\/\/magieorientale.com\/index.php\/wp-json\/wp\/v2\/product_tag?post=1631"}],"curies":[{"name":"wp","href":"https:\/\/api.w.org\/{rel}","templated":true}]}}