{"id":1625,"date":"2017-06-16T14:45:58","date_gmt":"2017-06-16T14:45:58","guid":{"rendered":"http:\/\/magiearabedekader.esy.es\/?post_type=product&#038;p=1625"},"modified":"2023-09-04T07:50:33","modified_gmt":"2023-09-04T05:50:33","slug":"choeb-en-grains","status":"publish","type":"product","link":"https:\/\/magieorientale.com\/index.php\/produit\/choeb-en-grains\/","title":{"rendered":"Choeb (en grains)"},"content":{"rendered":"<p>Encens tr\u00e8s puissant, utilis\u00e9 pour les d\u00e9senvo\u00fbtements, \u00e9loigner la jalousie, les m\u00e9disances, la vengeance.<\/p>\n","protected":false},"excerpt":{"rendered":"<p>Encens de premi\u00e8re qualit\u00e9<\/p>\n","protected":false},"featured_media":4046,"comment_status":"open","ping_status":"closed","template":"","meta":[],"product_brand":[],"product_cat":[21],"product_tag":[23,19],"class_list":{"0":"post-1625","1":"product","2":"type-product","3":"status-publish","4":"has-post-thumbnail","6":"product_cat-encens-en-grains","7":"product_tag-choeb","8":"product_tag-encens","10":"first","11":"instock","12":"taxable","13":"shipping-taxable","14":"purchasable","15":"product-type-simple"},"_links":{"self":[{"href":"https:\/\/magieorientale.com\/index.php\/wp-json\/wp\/v2\/product\/1625"}],"collection":[{"href":"https:\/\/magieorientale.com\/index.php\/wp-json\/wp\/v2\/product"}],"about":[{"href":"https:\/\/magieorientale.com\/index.php\/wp-json\/wp\/v2\/types\/product"}],"replies":[{"embeddable":true,"href":"https:\/\/magieorientale.com\/index.php\/wp-json\/wp\/v2\/comments?post=1625"}],"wp:featuredmedia":[{"embeddable":true,"href":"https:\/\/magieorientale.com\/index.php\/wp-json\/wp\/v2\/media\/4046"}],"wp:attachment":[{"href":"https:\/\/magieorientale.com\/index.php\/wp-json\/wp\/v2\/media?parent=1625"}],"wp:term":[{"taxonomy":"product_brand","embeddable":true,"href":"https:\/\/magieorientale.com\/index.php\/wp-json\/wp\/v2\/product_brand?post=1625"},{"taxonomy":"product_cat","embeddable":true,"href":"https:\/\/magieorientale.com\/index.php\/wp-json\/wp\/v2\/product_cat?post=1625"},{"taxonomy":"product_tag","embeddable":true,"href":"https:\/\/magieorientale.com\/index.php\/wp-json\/wp\/v2\/product_tag?post=1625"}],"curies":[{"name":"wp","href":"https:\/\/api.w.org\/{rel}","templated":true}]}}