{"id":1620,"date":"2017-06-16T14:31:26","date_gmt":"2017-06-16T14:31:26","guid":{"rendered":"http:\/\/magiearabedekader.esy.es\/?post_type=product&#038;p=1620"},"modified":"2024-08-22T08:33:57","modified_gmt":"2024-08-22T06:33:57","slug":"myrrhe-en-grains","status":"publish","type":"product","link":"https:\/\/magieorientale.com\/index.php\/produit\/myrrhe-en-grains\/","title":{"rendered":"Myrrhe en grains)"},"content":{"rendered":"<p>La Myrrhe apporte le bonheur et la sant\u00e9 dans la famille. La Myrrhe est aussi une bonne purificatrice. Elle sert dans les fumigations pour la m\u00e9ditation, la gu\u00e9rison\u00a0elle prot\u00e8ge des mauvais esprits.<\/p>\n<p>br\u00fbl\u00e9e comme encens, la myrrhe purifie le lieu et harmonise les \u00e9nergies. n\u00e9anmoins elle est\u00a0rarement br\u00fbl\u00e9e seule, on la m\u00e9lange souvent avec l\u2019oliban, le benjoin, la cannelle ou d\u2019autres r\u00e9sines car elle a la propri\u00e9t\u00e9 d\u2019augmenter le pouvoir des r\u00e9sines auxquelles elle est m\u00e9lang\u00e9e.<\/p>\n","protected":false},"excerpt":{"rendered":"<p>Encens de myrrhe en grain de premi\u00e8re qualit\u00e9<\/p>\n","protected":false},"featured_media":4053,"comment_status":"open","ping_status":"closed","template":"","meta":[],"product_brand":[],"product_cat":[21],"product_tag":[19,22],"class_list":{"0":"post-1620","1":"product","2":"type-product","3":"status-publish","4":"has-post-thumbnail","6":"product_cat-encens-en-grains","7":"product_tag-encens","8":"product_tag-grains","10":"first","11":"instock","12":"taxable","13":"shipping-taxable","14":"purchasable","15":"product-type-simple"},"_links":{"self":[{"href":"https:\/\/magieorientale.com\/index.php\/wp-json\/wp\/v2\/product\/1620"}],"collection":[{"href":"https:\/\/magieorientale.com\/index.php\/wp-json\/wp\/v2\/product"}],"about":[{"href":"https:\/\/magieorientale.com\/index.php\/wp-json\/wp\/v2\/types\/product"}],"replies":[{"embeddable":true,"href":"https:\/\/magieorientale.com\/index.php\/wp-json\/wp\/v2\/comments?post=1620"}],"wp:featuredmedia":[{"embeddable":true,"href":"https:\/\/magieorientale.com\/index.php\/wp-json\/wp\/v2\/media\/4053"}],"wp:attachment":[{"href":"https:\/\/magieorientale.com\/index.php\/wp-json\/wp\/v2\/media?parent=1620"}],"wp:term":[{"taxonomy":"product_brand","embeddable":true,"href":"https:\/\/magieorientale.com\/index.php\/wp-json\/wp\/v2\/product_brand?post=1620"},{"taxonomy":"product_cat","embeddable":true,"href":"https:\/\/magieorientale.com\/index.php\/wp-json\/wp\/v2\/product_cat?post=1620"},{"taxonomy":"product_tag","embeddable":true,"href":"https:\/\/magieorientale.com\/index.php\/wp-json\/wp\/v2\/product_tag?post=1620"}],"curies":[{"name":"wp","href":"https:\/\/api.w.org\/{rel}","templated":true}]}}