{"id":1481,"date":"2017-06-04T17:19:43","date_gmt":"2017-06-04T17:19:43","guid":{"rendered":"http:\/\/magiearabedekader.esy.es\/?post_type=product&#038;p=1481"},"modified":"2025-07-29T12:55:10","modified_gmt":"2025-07-29T10:55:10","slug":"formule-pour-renforcer-les-liens","status":"publish","type":"product","link":"https:\/\/magieorientale.com\/index.php\/produit\/formule-pour-renforcer-les-liens\/","title":{"rendered":"Formule pour renforcer les liens (n\u00b04705)"},"content":{"rendered":"<p>Au bout de quelques mois ou quelques ann\u00e9es de vie \u00e0 deux et de bonheur il arrive que la passion s&#8217;att\u00e9nue et m\u00eame qu&#8217;elle s&#8217;\u00e9teigne au fil du temps pour de multiples raisons,\u00a0 parfois\u00a0 cet \u00e9loignement peu \u00eatre d\u00fb \u00a0\u00e0 l&#8217;entourage qui fait pression sur l&#8217;un ou sur l&#8217;autre et perturbe la relation, la famille ou les ami(e) proches\u00a0 peuvent influer n\u00e9gativement sur votre vie par jalousie, envie ou parfois m\u00eame cela peut arriver si la personne n&#8217;a pas de mauvaises pens\u00e9es, dans ce cas il s&#8217;agit de &#8220;mauvais oeil&#8221;<\/p>\n<p>On se sent souvent impuissant face \u00e0 ce changement de l&#8217;autre que l&#8217;on ne reconnait plus dans tous les cas ce travail pourra vous aider, \u00e9viter les disputes inutiles, les divorces, les situations p\u00e9nibles&#8230;<\/p>\n<p>Ceux qui vivent ces situations qui veulent arranger les choses peuvent\u00a0 r\u00e9agir et\u00a0 intervenir avec force pour stopper cette influence n\u00e9gative, il existe un travail de magie blanche qui\u00a0 r\u00e9tabli\u00a0l&#8217;attachement et l&#8217;harmonie de deux personnes, qui augmente l&#8217;amour et re-cr\u00e9e le lien et la complicit\u00e9.<\/p>\n<p>Ce travail de magie blanche est une fa\u00e7on positive de pr\u00e9server son couple, pour ne pas laisser l&#8217;entourage influencer l&#8217;un ou l&#8217;autre,\u00a0 renforce l&#8217;amour existant.<\/p>\n","protected":false},"excerpt":{"rendered":"<p>Travail de magie blanche pour\u00a0renforcer les liens<\/p>\n","protected":false},"featured_media":4071,"comment_status":"open","ping_status":"closed","template":"","meta":[],"product_brand":[],"product_cat":[38],"product_tag":[],"class_list":{"0":"post-1481","1":"product","2":"type-product","3":"status-publish","4":"has-post-thumbnail","6":"product_cat-les-formules-pour-lamour","8":"first","9":"instock","10":"taxable","11":"shipping-taxable","12":"purchasable","13":"product-type-simple"},"_links":{"self":[{"href":"https:\/\/magieorientale.com\/index.php\/wp-json\/wp\/v2\/product\/1481"}],"collection":[{"href":"https:\/\/magieorientale.com\/index.php\/wp-json\/wp\/v2\/product"}],"about":[{"href":"https:\/\/magieorientale.com\/index.php\/wp-json\/wp\/v2\/types\/product"}],"replies":[{"embeddable":true,"href":"https:\/\/magieorientale.com\/index.php\/wp-json\/wp\/v2\/comments?post=1481"}],"wp:featuredmedia":[{"embeddable":true,"href":"https:\/\/magieorientale.com\/index.php\/wp-json\/wp\/v2\/media\/4071"}],"wp:attachment":[{"href":"https:\/\/magieorientale.com\/index.php\/wp-json\/wp\/v2\/media?parent=1481"}],"wp:term":[{"taxonomy":"product_brand","embeddable":true,"href":"https:\/\/magieorientale.com\/index.php\/wp-json\/wp\/v2\/product_brand?post=1481"},{"taxonomy":"product_cat","embeddable":true,"href":"https:\/\/magieorientale.com\/index.php\/wp-json\/wp\/v2\/product_cat?post=1481"},{"taxonomy":"product_tag","embeddable":true,"href":"https:\/\/magieorientale.com\/index.php\/wp-json\/wp\/v2\/product_tag?post=1481"}],"curies":[{"name":"wp","href":"https:\/\/api.w.org\/{rel}","templated":true}]}}