{"id":2,"date":"2018-05-27T10:29:17","date_gmt":"2018-05-27T08:29:17","guid":{"rendered":"http:\/\/magieorientale.com\/?page_id=2"},"modified":"2024-11-21T14:49:36","modified_gmt":"2024-11-21T13:49:36","slug":"a-propos-de-nos-produits","status":"publish","type":"page","link":"https:\/\/magieorientale.com\/index.php\/a-propos-de-nos-produits\/","title":{"rendered":"Bonjour et bienvenue \u00e0 tous,"},"content":{"rendered":"<p class=\"has-text-align-center\"> C&#8217;est fort de plus de 40 ans d&#8217;experience dans le domaine de la magie blanche <em>(dont plus de 10 ans en ligne)<\/em> que nous vous proposons nos services, durant toutes ces ann\u00e9es nous sommes heureux d&#8217;avoir p\u00fb venir en aide \u00e0 des milliers de personnes et ce dans tous les domaines de la vie. Nous avons eu la chance de collaborer avec des personnes incroyables de toutes origines dans le monde entier, la magie blanche n&#8217;\u00e0 pas de fronti\u00e8re! Si tu nous d\u00e9couvre, nous sommes ravi de t&#8217;accueillir sur notre site <strong>Magie orientale<\/strong> 100% s\u00e9curis\u00e9 con\u00e7u sp\u00e9cialement pour te proposer nos meilleurs produits, nos conseils, nos encens et poudres pr\u00e9par\u00e9s et consacr\u00e9s par nos soins qui va te permettre d&#8217;am\u00e9liorer ton quotidien, de retrouver ta chance LEGITIME qui aurait p\u00fb \u00eatre compromis par la magie noire, le mauvais oeil ou seulement la jalousie par une personne que tu c\u00f4toies et qui t&#8217; est peut \u00eatre proche!  car ces sentiments n\u00e9gatifs habitent l&#8217;\u00eatre humain depuis toujours, parfois sans m\u00eame en avoir conscience, mais leurs actions n&#8217;en est pas moindre pour autant, et peut \u00eatre d\u00e9vastateur ! Peut \u00eatre que  tu va renouer avec des \u00eatres chers qui se sont \u00e9loign\u00e9s de toi, famille ou amis, ou retrouver un travail, te marier, mais le plus important est que ces travaux uniques de magie blanche vont t&#8217; aider \u00e0 retrouver ta  joie de vivre tout simplement !<\/p><hr class=\"wp-block-separator has-css-opacity is-style-wide\"\/><div style=\"height:59px\" aria-hidden=\"true\" class=\"wp-block-spacer\"><\/div><h1 class=\"wp-block-heading has-text-align-center\"><a href=\"https:\/\/magieorientale.com\/index.php\/categorie-produit\/travaux-de-magie-blanche\/\">NOS TRAVAUX DE HAUTE MAGIE<\/a><\/h1><p class=\"has-text-align-center\">Les travaux de haute magie sont des travaux pr\u00e9par\u00e9s par nos soins, le travail est d\u00e9j\u00e0 &#8220;pr\u00eat \u00e0 l&#8217;emploi&#8221; pour ces travaux tr\u00e8s sp\u00e9ciaux nous recommandons ceci: <\/p><div class=\"wp-block-image is-style-rounded\"><figure class=\"aligncenter is-resized\"><img loading=\"lazy\" decoding=\"async\" width=\"1016\" height=\"597\" src=\"https:\/\/magieorientale.com\/wp-content\/uploads\/2023\/03\/magie-blanche-pure-2.jpg\" alt=\"\" class=\"wp-image-3765\" style=\"width:526px;height:auto\" srcset=\"https:\/\/magieorientale.com\/wp-content\/uploads\/2023\/03\/magie-blanche-pure-2.jpg 1016w, https:\/\/magieorientale.com\/wp-content\/uploads\/2023\/03\/magie-blanche-pure-2-500x294.jpg 500w, https:\/\/magieorientale.com\/wp-content\/uploads\/2023\/03\/magie-blanche-pure-2-300x176.jpg 300w, https:\/\/magieorientale.com\/wp-content\/uploads\/2023\/03\/magie-blanche-pure-2-768x451.jpg 768w\" sizes=\"(max-width: 1016px) 100vw, 1016px\" \/><\/figure><\/div><p> De suivre scrupuleusement la notice,  de respecter les heures lorsqu&#8217;il y en a, de r\u00e9aliser toutes vos recettes dans un endroit propre, les travaux de haute magie ne peuvent \u00eatre manipuler que par la personne pour qui le soin est pr\u00e9vu sauf s&#8217;il s&#8217;agit d&#8217;enfants en bas \u00e2ge, n&#8217;utilisez jamais d&#8217;objets souill\u00e9s (bougies..) ne remplacez jamais les ingr\u00e9dients, et enfin respectez les travaux et croyez en leurs fabuleux pouvoirs. <\/p><hr class=\"wp-block-separator has-css-opacity is-style-wide\"\/><div style=\"height:59px\" aria-hidden=\"true\" class=\"wp-block-spacer\"><\/div><h1 class=\"wp-block-heading has-text-align-center\">               <a href=\"https:\/\/magieorientale.com\/index.php\/categorie-produit\/nos-poudres-magiques\/\">   NOS POUDRES MAGIQUES<\/a><\/h1><p class=\"has-text-align-center\">\n\nNos poudres magiques sont pr\u00e9par\u00e9es \u00e0 partir de produits naturels encens, herbes, racines, \u00e9pices, il s&#8217;agit de formules magiques secr\u00e8tes et tr\u00e8s anciennes&nbsp; issus de la magie blanche arabe.\n\n<\/p><div class=\"wp-block-image is-style-rounded\"><figure class=\"aligncenter is-resized\"><img loading=\"lazy\" decoding=\"async\" width=\"1024\" height=\"682\" src=\"https:\/\/magieorientale.com\/wp-content\/uploads\/2023\/03\/bois-de-santal3-1024x682.jpg\" alt=\"Nous les utilisons depuis tr\u00e8s longtemps avec succ\u00e8s et nous les proposons pr\u00eat \u00e0 l'emploi avec une notice \u00e0 suivre, les effets s'ensuivent rapidement, Il ne vous reste qu\u2019\u00e0 choisir celle qui sera la plus appropri\u00e9e \u00e0 votre situation.\u00a0\" class=\"wp-image-3764\" style=\"width:538px;height:auto\" srcset=\"https:\/\/magieorientale.com\/wp-content\/uploads\/2023\/03\/bois-de-santal3-1024x682.jpg 1024w, https:\/\/magieorientale.com\/wp-content\/uploads\/2023\/03\/bois-de-santal3-500x333.jpg 500w, https:\/\/magieorientale.com\/wp-content\/uploads\/2023\/03\/bois-de-santal3-300x200.jpg 300w, https:\/\/magieorientale.com\/wp-content\/uploads\/2023\/03\/bois-de-santal3-768x512.jpg 768w, https:\/\/magieorientale.com\/wp-content\/uploads\/2023\/03\/bois-de-santal3.jpg 1688w\" sizes=\"(max-width: 1024px) 100vw, 1024px\" \/><\/figure><\/div><p class=\"has-text-align-center\"><\/p><hr class=\"wp-block-separator has-css-opacity is-style-wide\"\/><div style=\"height:59px\" aria-hidden=\"true\" class=\"wp-block-spacer\"><\/div><h1 class=\"wp-block-heading has-text-align-center\"><a href=\"https:\/\/magieorientale.com\/index.php\/categorie-produit\/les-formules-pour-lamour\/\">           NOS FORMULES POUR L&#8217;AMOUR<\/a><\/h1><p>Dans quel cas utiliser nos formules pour l&#8217;amour ? Dans les cas de rupture ou rupture imminente, pour renforcer des liens existants, rapprochement, pour les personnes qui souhaitent se marier, se r\u00e9concilier avec famille et amis, rencontrer la personne id\u00e9ale, <\/p><p class=\"has-text-align-center\">1- <strong>La formule simple<\/strong> qui permet de faire revenir une personne, peut \u00eatre utilis\u00e9 si une dispute vous a s\u00e9par\u00e9, si une personne se met entre vous ou est la cause de conflits dans votre couple ou si vous vous \u00eates petit \u00e0 petit \u00e9loign\u00e9 l\u2019un de l\u2019autre, elle sert \u00e0 vous rapprocher et \u00e0 \u00eatre plus intime.<\/p><p class=\"has-text-align-center\">Il s\u2019agit d\u2019un m\u00e9lange secret sous forme de  poudre magique, simple d&#8217;utilisation qui peut \u00eatre utilis\u00e9 par tous, peut servir \u00e0 renforcer l&#8217;amour, le respect et l&#8217;affection qui existe dans le couple et de ce fait \u00e0 une action de protection. <\/p><hr class=\"wp-block-separator has-css-opacity\"\/><p class=\"has-text-align-center\">2- <strong>Le m\u00e9lange sp\u00e9cial<\/strong> de plantes et d\u2019encens \u00e0 utiliser pour faire revenir une personne vers vous, cette formule est simple d\u2019utilisation en suivant la notice vous pourrez faire un retour d\u2019affection rapide. Plus \u00e9volu\u00e9 que la formule simple les personnes qui sont seul(es) et qui veulent rencontrer&nbsp;quelqu\u2019un peuvent choisir ce m\u00e9lange qui apporte la chance en amour ! Peut \u00eatre utilis\u00e9 par tous.<\/p><hr class=\"wp-block-separator has-css-opacity\"\/><p class=\"has-text-align-center\">3<strong>-La Formule tr\u00e8s puissante<\/strong> pour l\u2019amour, permet un retour d\u2019affection d\u2019une personne vers vous. V\u00e9ritable secret de magie blanche arabe choisissez cette formule si votre cas n\u00e9cessite un travail puissant, si la personne est parti d\u00e9j\u00e0, pr\u00eat \u00e0 l\u2019emploi il vous suffit de suivre la notice.<\/p><div style=\"height:59px\" aria-hidden=\"true\" class=\"wp-block-spacer\"><\/div><figure class=\"wp-block-image size-full is-resized is-style-rounded\"><img loading=\"lazy\" decoding=\"async\" width=\"600\" height=\"380\" src=\"https:\/\/magieorientale.com\/wp-content\/uploads\/2023\/11\/comme-par-magie_une.jpg\" alt=\"\" class=\"wp-image-4147\" style=\"width:428px;height:auto\" srcset=\"https:\/\/magieorientale.com\/wp-content\/uploads\/2023\/11\/comme-par-magie_une.jpg 600w, https:\/\/magieorientale.com\/wp-content\/uploads\/2023\/11\/comme-par-magie_une-500x317.jpg 500w, https:\/\/magieorientale.com\/wp-content\/uploads\/2023\/11\/comme-par-magie_une-300x190.jpg 300w\" sizes=\"(max-width: 600px) 100vw, 600px\" \/><\/figure><div style=\"height:18px\" aria-hidden=\"true\" class=\"wp-block-spacer\"><\/div><h1 class=\"wp-block-heading has-text-align-center has-vivid-red-color has-text-color\"><em>NOUS VOUS SOUHAITONS UNE TRES BELLE EXPERIENCE MAGIQUE !<\/em><\/h1><div style=\"height:59px\" aria-hidden=\"true\" class=\"wp-block-spacer\"><\/div><div class=\"wp-block-buttons is-layout-flex wp-block-buttons-is-layout-flex\"><div class=\"wp-block-button has-custom-width wp-block-button__width-100 has-custom-font-size has-medium-font-size\"><a class=\"wp-block-button__link wp-element-button\" href=\"https:\/\/magiearabedekader.com\">Acc\u00e9der aux rituels de magie blanche <\/a><\/div><\/div><p><\/p>","protected":false},"excerpt":{"rendered":"<p>C&#8217;est fort de plus de 40 ans d&#8217;experience dans le domaine de la magie blanche (dont plus de 10 ans en ligne) que nous vous proposons nos services, durant toutes ces ann\u00e9es nous sommes heureux d&#8217;avoir p\u00fb venir en aide \u00e0 des milliers de personnes et ce dans tous les domaines de la vie. Nous [&hellip;]<\/p>\n","protected":false},"author":1,"featured_media":0,"parent":0,"menu_order":0,"comment_status":"closed","ping_status":"closed","template":"","meta":{"footnotes":""},"class_list":["post-2","page","type-page","status-publish","hentry"],"_links":{"self":[{"href":"https:\/\/magieorientale.com\/index.php\/wp-json\/wp\/v2\/pages\/2"}],"collection":[{"href":"https:\/\/magieorientale.com\/index.php\/wp-json\/wp\/v2\/pages"}],"about":[{"href":"https:\/\/magieorientale.com\/index.php\/wp-json\/wp\/v2\/types\/page"}],"author":[{"embeddable":true,"href":"https:\/\/magieorientale.com\/index.php\/wp-json\/wp\/v2\/users\/1"}],"replies":[{"embeddable":true,"href":"https:\/\/magieorientale.com\/index.php\/wp-json\/wp\/v2\/comments?post=2"}],"version-history":[{"count":60,"href":"https:\/\/magieorientale.com\/index.php\/wp-json\/wp\/v2\/pages\/2\/revisions"}],"predecessor-version":[{"id":5904,"href":"https:\/\/magieorientale.com\/index.php\/wp-json\/wp\/v2\/pages\/2\/revisions\/5904"}],"wp:attachment":[{"href":"https:\/\/magieorientale.com\/index.php\/wp-json\/wp\/v2\/media?parent=2"}],"curies":[{"name":"wp","href":"https:\/\/api.w.org\/{rel}","templated":true}]}}